{"id":555,"date":"2019-05-23T00:54:42","date_gmt":"2019-05-22T22:54:42","guid":{"rendered":"https:\/\/carlotallano.com\/?page_id=555"},"modified":"2019-09-12T18:17:56","modified_gmt":"2019-09-12T23:17:56","slug":"sinopsis-columpio-de-vuelo","status":"publish","type":"page","link":"https:\/\/carlotallano.com\/en\/sinopsis-columpio-de-vuelo\/","title":{"rendered":"Sinopsis Columpio de Vuelo"},"content":{"rendered":"<p>[vc_row full_width=&#8221;stretch_row&#8221; css=&#8221;.vc_custom_1561150356397{border-top-width: 3px !important;background-image: url(http:\/\/carlotallano.com\/wp-content\/uploads\/2019\/06\/Trasquilada.Columpio-de-Vuelo.-F.-Carlos-MArio-Lema.jpg?id=838) !important;background-position: center !important;background-repeat: no-repeat !important;background-size: cover !important;border-top-color: #dd9933 !important;border-top-style: solid !important;}&#8221;][vc_column width=&#8221;1\/6&#8243;][vc_column_text]<img decoding=\"async\" loading=\"lazy\" class=\"alignnone wp-image-850\" src=\"http:\/\/carlotallano.com\/wp-content\/uploads\/2019\/06\/SINOPSIS-300x111.png\" alt=\"\" width=\"151\" height=\"56\" srcset=\"https:\/\/carlotallano.com\/wp-content\/uploads\/2019\/06\/SINOPSIS-300x111.png 300w, https:\/\/carlotallano.com\/wp-content\/uploads\/2019\/06\/SINOPSIS-120x44.png 120w, https:\/\/carlotallano.com\/wp-content\/uploads\/2019\/06\/SINOPSIS.png 352w\" sizes=\"(max-width: 151px) 100vw, 151px\" \/>[\/vc_column_text][\/vc_column][vc_column width=&#8221;2\/3&#8243;][vc_empty_space height=&#8221;100px&#8221;][vc_column_text]<\/p>\n<div style=\"overflow: auto; width: 100%; height: 500px;\">\n<p style=\"text-align: justify;\"><span style=\"color: #ffffff;\">Carlota recibe a los asistentes al encuentro, los lleva al espacio, un tri\u00e1ngulo en cuyos dos lados se sentar\u00e1n, y en donde ya resuenan voces cantos y juegos ininteligibles, llenos del gozo de la ni\u00f1ez.<\/span><br \/>\n<span style=\"color: #ffffff;\">Cuando est\u00e1n todos acomodados, ella entra empujando y jugando con una casita de lata, cantando el Lullaby entre una ni\u00f1a y un adulto.<\/span><br \/>\n<span style=\"color: #ffffff;\">En el espacio hay dos bonsais, uno de ellos es un liquid\u00e1mbar. Ella evoca los ahora grandes liquis que sembr\u00f3 su hermano y juega al escondite con \u00e9l; busca, no lo encuentra y le pide buscar con ella en la casita.<\/span><\/p>\n<p style=\"text-align: justify;\"><span style=\"color: #ffffff;\">Empiezan entonces las proyecciones sobre la casita de los videos de la infancia, hechos mediante edici\u00f3n de las peliculas de 8 milimetros filmadas por su padre, acompa\u00f1adas de fragmentos de la Variaciones Goldberg de Beach e intervenciones de su propia voz con sonidos y palabras ininteligibles. Mientras ruedan las proyecciones, ella interact\u00faa con su familia y se deja provocar por la im\u00e1genes ajadas de los ni\u00f1os en pi\u00f1atas, las reuniones familiares, los correteos, el hermano Alberto montadoa Caballo, los abuelos, la madre y sus beb\u00e9s, los micos, y otros animales, la primera comuni\u00f3n, entre otras : un juego entre el presente y el pasado.<\/span><\/p>\n<p style=\"text-align: justify;\"><span style=\"color: #ffffff;\">El quinto episodio la lleva al teclado donde la imaginada profesora de<\/span><br \/>\n<span style=\"color: #ffffff;\">piano le pide tocar una Invenci\u00f3n de Bach, mientras en la pared se proyectan im\u00e1genes de la familia paseando y tratando de controlar una cabra en reversa. Ella apuesta carreras en el piano con estas im\u00e1genes. Luego ofrece otra Invenci\u00f3n de Bach a sus pap\u00e1s en el aniversario. Esta se entrecorta con golpes al teclado que rompen la armon\u00eda y evocan episodios dif\u00edciles donde se quiebra el mundo alegre de la ni\u00f1ez. Vienen a rengl\u00f3n seguido las im\u00e1genes de m\u00faltiples momentos en elagua : mar y piscina llenos de ni\u00f1itos jugando y nadando. Ella termina saltando al lado de s\u00ed misma cuando ni\u00f1a del agua al trampol\u00edn.<\/span><\/p>\n<p><span style=\"color: #ffffff;\">Entra entonces la confusi\u00f3n de la adolescencia : las im\u00e1genes nos muestran una cuadrilla de cosecheros en su trabajo, entreverados con unas adolescentes montando una obra de teatro al lado de una piscina, fragmentos acompa\u00f1ados de pedazos de canciones de la \u00e9poca, tanto de j\u00f3venes como cantos revolucionarios. Ella pasa confusa de un lado al otro y se enreda en el caucho donde antes jug\u00f3 y salt\u00f3. Al finalizar saca de la casita una jarra llena de piedritas y las derrama sobre el techo de lata.<\/span><\/p>\n<p style=\"text-align: justify;\"><span style=\"color: #ffffff;\">Llegala adultez : im\u00e1genes de su hermano Alberto a caballo desde muy<\/span><br \/>\n<span style=\"color: #ffffff;\">ni\u00f1o que se ven ensombrecidas por un ogro balin\u00e9s que ella maneja<\/span><br \/>\n<span style=\"color: #ffffff;\">como en sombras chinas, al final de las cuales el ogro hace simb\u00f3licamente la acci\u00f3n de disparar al jinete, su hermano ya de 35 a\u00f1os, y la imagen nos muestra el jinete enrojecido y el caballo sin jinete.<\/span><\/p>\n<p style=\"text-align: justify;\"><span style=\"color: #ffffff;\">Ella en sombra sobre la pared blanca se lamenta por el asesinato.\u00a0 A rengl\u00f3n seguido entra dos envoltorios, los desempaca en el silencio mientras suena su eleg\u00eda f\u00fanebre grabada en jeringonza y, paso a paso, va teneindo en el piso los zamarros y objetos del jinete y arreos del caballo.\u00a0 Con el rejo anuda fuertemente la casita, luego desenvuelve un caballo de juguete destrozado y lo tira a los pies de la figura extendida.<\/span><\/p>\n<p style=\"text-align: justify;\"><span style=\"color: #ffffff;\">Va al piano, y mientras la proyecci\u00f3n nos muestra en c\u00e1mara lenta apartes de un deste\u00f1ido show de vaqueros, ella canta acompa\u00f1\u00e1ndose al piano <strong>V\u00e1monos<\/strong>, la ranchera, con estilo de canci\u00f3n de cantina.<\/span><br \/>\n<span style=\"color: #ffffff;\">Las im\u00e1genes nos muestran de nuevo a la familia hoy en dia, un flashazo de todos y su sitio en el mundo. Se ve desaparecer de entre ellos al hermano asesinado; ella pone en su lugar un bonsai de liquid\u00e1mbar, el otro al lado de la casita, y luego se sienta a mirarse en el video dela pared montando en columpio de vuelo.&#8221;<\/span><br \/>\n<span style=\"color: #ffffff;\">Pasan luego fragmentos en las dos pantallas : casita y pared, de ella y el peluquero que la trasquila, mientras ella en vivo va dejando por el espacio y en los objetos, los pedazos de su cabello.<\/span><\/p>\n<p style=\"text-align: justify;\"><span style=\"color: #ffffff;\">Por \u00faltimo, aparece sobre la casita el sol de los venados propio de su tierra en el Valle monta\u00f1oso y suena una composici\u00f3n que ella acompa\u00f1a con el tambor del mar, mientras se sienta a mirar ese atardecer con los asistentes. En medio de esta pieza, entranlos perros a husmear los objetos del hermano;al finalizar la pieza ella los llama y sale con ellos.<\/span><\/p>\n<p style=\"text-align: justify;\"><span style=\"color: #ffffff;\">La p ieza dura 55 minutos. No hay in te rmedio.<\/span><\/p>\n<\/div>\n<p>[\/vc_column_text][\/vc_column][vc_column width=&#8221;1\/6&#8243;][\/vc_column][\/vc_row]<\/p>","protected":false},"excerpt":{"rendered":"<p>[vc_row full_width=&#8221;stretch_row&#8221; css=&#8221;.vc_custom_1561150356397{border-top-width: 3px !important;background-image: url(http:\/\/carlotallano.com\/wp-content\/uploads\/2019\/06\/Trasquilada.Columpio-de-Vuelo.-F.-Carlos-MArio-Lema.jpg?id=838) !important;background-position: center !important;background-repeat: no-repeat !important;background-size: cover !important;border-top-color: #dd9933 !important;border-top-style: solid !important;}&#8221;][vc_column width=&#8221;1\/6&#8243;][vc_column_text][\/vc_column_text][\/vc_column][vc_column width=&#8221;2\/3&#8243;][vc_empty_space height=&#8221;100px&#8221;][vc_column_text] Carlota recibe a los asistentes al encuentro, los lleva al espacio, un tri\u00e1ngulo en cuyos dos lados se sentar\u00e1n, y en donde ya resuenan voces cantos y juegos ininteligibles, llenos del gozo de la ni\u00f1ez. [&hellip;]<\/p>\n","protected":false},"author":1,"featured_media":0,"parent":0,"menu_order":0,"comment_status":"closed","ping_status":"closed","template":"","meta":[],"_links":{"self":[{"href":"https:\/\/carlotallano.com\/en\/wp-json\/wp\/v2\/pages\/555"}],"collection":[{"href":"https:\/\/carlotallano.com\/en\/wp-json\/wp\/v2\/pages"}],"about":[{"href":"https:\/\/carlotallano.com\/en\/wp-json\/wp\/v2\/types\/page"}],"author":[{"embeddable":true,"href":"https:\/\/carlotallano.com\/en\/wp-json\/wp\/v2\/users\/1"}],"replies":[{"embeddable":true,"href":"https:\/\/carlotallano.com\/en\/wp-json\/wp\/v2\/comments?post=555"}],"version-history":[{"count":23,"href":"https:\/\/carlotallano.com\/en\/wp-json\/wp\/v2\/pages\/555\/revisions"}],"predecessor-version":[{"id":1854,"href":"https:\/\/carlotallano.com\/en\/wp-json\/wp\/v2\/pages\/555\/revisions\/1854"}],"wp:attachment":[{"href":"https:\/\/carlotallano.com\/en\/wp-json\/wp\/v2\/media?parent=555"}],"curies":[{"name":"wp","href":"https:\/\/api.w.org\/{rel}","templated":true}]}}