{"id":548,"date":"2019-05-22T23:53:42","date_gmt":"2019-05-22T21:53:42","guid":{"rendered":"https:\/\/carlotallano.com\/?page_id=548"},"modified":"2019-08-13T23:24:02","modified_gmt":"2019-08-13T21:24:02","slug":"mini-capsula","status":"publish","type":"page","link":"https:\/\/carlotallano.com\/en\/mini-capsula\/","title":{"rendered":"Mini Capsula"},"content":{"rendered":"<p>[vc_row full_width=&#8221;stretch_row&#8221; css=&#8221;.vc_custom_1561150559550{border-top-width: 3px !important;background-image: url(http:\/\/carlotallano.com\/wp-content\/uploads\/2019\/06\/Trasquilada.Columpio-de-Vuelo.-F.-Carlos-MArio-Lema.jpg?id=838) !important;background-position: center !important;background-repeat: no-repeat !important;background-size: cover !important;border-top-color: #dd9933 !important;border-top-style: solid !important;}&#8221;][vc_column width=&#8221;1\/4&#8243;][vc_column_text]<img decoding=\"async\" loading=\"lazy\" class=\"alignnone wp-image-867\" src=\"http:\/\/carlotallano.com\/wp-content\/uploads\/2019\/06\/MINI-CAPSULA-300x70.png\" alt=\"\" width=\"180\" height=\"42\" srcset=\"https:\/\/carlotallano.com\/wp-content\/uploads\/2019\/06\/MINI-CAPSULA-300x70.png 300w, https:\/\/carlotallano.com\/wp-content\/uploads\/2019\/06\/MINI-CAPSULA-120x28.png 120w, https:\/\/carlotallano.com\/wp-content\/uploads\/2019\/06\/MINI-CAPSULA.png 559w\" sizes=\"(max-width: 180px) 100vw, 180px\" \/>[\/vc_column_text][\/vc_column][vc_column width=&#8221;1\/2&#8243;][vc_empty_space height=&#8221;80px&#8221;][vc_column_text]<\/p>\n<p style=\"text-align: justify;\"><span style=\"color: #ffffff;\">Las pel\u00edculas en 8 milimetros filmadas por el padre provocan a la artista el regreso al cuarto de la infancia, lleno de juegos, zozobras y gozo.<\/span><\/p>\n<p style=\"text-align: justify;\"><span style=\"color: #ffffff;\">Paro de Igual manera estas im\u00e1genes ponen de presente la ausencia de uno de los siete hijos de la familia; la artista vive entonces el ineludible duelo que, al igual que las tantas mujeres colombianas, atraviesa por el asecinato de su hermano. Un tri\u00e1ngulo de im\u00e1genes en videos con el sello del tiempo, m\u00fasicas en vivo o grabadas\u00a0 y Carlota Llano, quien nos adentra en su mundo de alegria y dolor, nos invita a compartir su tejido de memoria, y a hilar la propia.<\/span><\/p>\n<p>[\/vc_column_text][vc_empty_space height=&#8221;80px&#8221;][\/vc_column][vc_column width=&#8221;1\/4&#8243;][\/vc_column][\/vc_row]<\/p>","protected":false},"excerpt":{"rendered":"<p>[vc_row full_width=&#8221;stretch_row&#8221; css=&#8221;.vc_custom_1561150559550{border-top-width: 3px !important;background-image: url(http:\/\/carlotallano.com\/wp-content\/uploads\/2019\/06\/Trasquilada.Columpio-de-Vuelo.-F.-Carlos-MArio-Lema.jpg?id=838) !important;background-position: center !important;background-repeat: no-repeat !important;background-size: cover !important;border-top-color: #dd9933 !important;border-top-style: solid !important;}&#8221;][vc_column width=&#8221;1\/4&#8243;][vc_column_text][\/vc_column_text][\/vc_column][vc_column width=&#8221;1\/2&#8243;][vc_empty_space height=&#8221;80px&#8221;][vc_column_text] Las pel\u00edculas en 8 milimetros filmadas por el padre provocan a la artista el regreso al cuarto de la infancia, lleno de juegos, zozobras y gozo. Paro de Igual manera estas im\u00e1genes ponen de presente [&hellip;]<\/p>\n","protected":false},"author":1,"featured_media":0,"parent":0,"menu_order":0,"comment_status":"closed","ping_status":"closed","template":"","meta":[],"_links":{"self":[{"href":"https:\/\/carlotallano.com\/en\/wp-json\/wp\/v2\/pages\/548"}],"collection":[{"href":"https:\/\/carlotallano.com\/en\/wp-json\/wp\/v2\/pages"}],"about":[{"href":"https:\/\/carlotallano.com\/en\/wp-json\/wp\/v2\/types\/page"}],"author":[{"embeddable":true,"href":"https:\/\/carlotallano.com\/en\/wp-json\/wp\/v2\/users\/1"}],"replies":[{"embeddable":true,"href":"https:\/\/carlotallano.com\/en\/wp-json\/wp\/v2\/comments?post=548"}],"version-history":[{"count":13,"href":"https:\/\/carlotallano.com\/en\/wp-json\/wp\/v2\/pages\/548\/revisions"}],"predecessor-version":[{"id":1478,"href":"https:\/\/carlotallano.com\/en\/wp-json\/wp\/v2\/pages\/548\/revisions\/1478"}],"wp:attachment":[{"href":"https:\/\/carlotallano.com\/en\/wp-json\/wp\/v2\/media?parent=548"}],"curies":[{"name":"wp","href":"https:\/\/api.w.org\/{rel}","templated":true}]}}