{"id":542,"date":"2019-05-22T23:47:39","date_gmt":"2019-05-22T21:47:39","guid":{"rendered":"https:\/\/carlotallano.com\/?page_id=542"},"modified":"2019-08-21T06:57:45","modified_gmt":"2019-08-21T04:57:45","slug":"reparto-columpio-de-vuelo","status":"publish","type":"page","link":"https:\/\/carlotallano.com\/en\/reparto-columpio-de-vuelo\/","title":{"rendered":"Reparto Columpio de Vuelo"},"content":{"rendered":"<p>[vc_row full_width=&#8221;stretch_row&#8221; css=&#8221;.vc_custom_1561150781390{border-top-width: 3px !important;background-image: url(http:\/\/carlotallano.com\/wp-content\/uploads\/2019\/06\/Trasquilada.Columpio-de-Vuelo.-F.-Carlos-MArio-Lema.jpg?id=838) !important;background-position: center !important;background-repeat: no-repeat !important;background-size: cover !important;border-top-color: #dd9933 !important;border-top-style: solid !important;}&#8221;][vc_column width=&#8221;1\/4&#8243;][vc_column_text]<img decoding=\"async\" loading=\"lazy\" class=\"alignnone wp-image-871\" src=\"http:\/\/carlotallano.com\/wp-content\/uploads\/2019\/06\/REPARTO-300x112.png\" alt=\"\" width=\"134\" height=\"50\" srcset=\"https:\/\/carlotallano.com\/wp-content\/uploads\/2019\/06\/REPARTO-300x112.png 300w, https:\/\/carlotallano.com\/wp-content\/uploads\/2019\/06\/REPARTO-120x45.png 120w, https:\/\/carlotallano.com\/wp-content\/uploads\/2019\/06\/REPARTO.png 348w\" sizes=\"(max-width: 134px) 100vw, 134px\" \/>[\/vc_column_text][\/vc_column][vc_column width=&#8221;1\/2&#8243;][vc_empty_space height=&#8221;100px&#8221;][vc_column_text]<\/p>\n<ul>\n<li><span style=\"color: #ffffff;\">Creaci\u00f3n y ejecuci\u00f3n : Carlota Llano<\/span><\/li>\n<li><span style=\"color: #ffffff;\">Jefe T\u00e9cnico : Giovanny L\u00f3pez<\/span><\/li>\n<li><span style=\"color: #ffffff;\">Dise\u00f1o Gr\u00e1fico : C\u00e9sar Santos<\/span><\/li>\n<li><span style=\"color: #ffffff;\">Fotos : Carlos Mario Lema<\/span><\/li>\n<\/ul>\n<p>[\/vc_column_text][vc_empty_space height=&#8221;80px&#8221;][\/vc_column][vc_column width=&#8221;1\/4&#8243;][\/vc_column][\/vc_row]<\/p>","protected":false},"excerpt":{"rendered":"<p>[vc_row full_width=&#8221;stretch_row&#8221; css=&#8221;.vc_custom_1561150781390{border-top-width: 3px !important;background-image: url(http:\/\/carlotallano.com\/wp-content\/uploads\/2019\/06\/Trasquilada.Columpio-de-Vuelo.-F.-Carlos-MArio-Lema.jpg?id=838) !important;background-position: center !important;background-repeat: no-repeat !important;background-size: cover !important;border-top-color: #dd9933 !important;border-top-style: solid !important;}&#8221;][vc_column width=&#8221;1\/4&#8243;][vc_column_text][\/vc_column_text][\/vc_column][vc_column width=&#8221;1\/2&#8243;][vc_empty_space height=&#8221;100px&#8221;][vc_column_text] Creaci\u00f3n y ejecuci\u00f3n : Carlota Llano Jefe T\u00e9cnico : Giovanny L\u00f3pez Dise\u00f1o Gr\u00e1fico : C\u00e9sar Santos Fotos : Carlos Mario Lema [\/vc_column_text][vc_empty_space height=&#8221;80px&#8221;][\/vc_column][vc_column width=&#8221;1\/4&#8243;][\/vc_column][\/vc_row]<\/p>\n","protected":false},"author":1,"featured_media":0,"parent":0,"menu_order":0,"comment_status":"closed","ping_status":"closed","template":"","meta":[],"_links":{"self":[{"href":"https:\/\/carlotallano.com\/en\/wp-json\/wp\/v2\/pages\/542"}],"collection":[{"href":"https:\/\/carlotallano.com\/en\/wp-json\/wp\/v2\/pages"}],"about":[{"href":"https:\/\/carlotallano.com\/en\/wp-json\/wp\/v2\/types\/page"}],"author":[{"embeddable":true,"href":"https:\/\/carlotallano.com\/en\/wp-json\/wp\/v2\/users\/1"}],"replies":[{"embeddable":true,"href":"https:\/\/carlotallano.com\/en\/wp-json\/wp\/v2\/comments?post=542"}],"version-history":[{"count":13,"href":"https:\/\/carlotallano.com\/en\/wp-json\/wp\/v2\/pages\/542\/revisions"}],"predecessor-version":[{"id":1713,"href":"https:\/\/carlotallano.com\/en\/wp-json\/wp\/v2\/pages\/542\/revisions\/1713"}],"wp:attachment":[{"href":"https:\/\/carlotallano.com\/en\/wp-json\/wp\/v2\/media?parent=542"}],"curies":[{"name":"wp","href":"https:\/\/api.w.org\/{rel}","templated":true}]}}