{"id":531,"date":"2019-05-22T23:17:52","date_gmt":"2019-05-22T21:17:52","guid":{"rendered":"https:\/\/carlotallano.com\/?page_id=531"},"modified":"2019-09-12T18:19:17","modified_gmt":"2019-09-12T23:19:17","slug":"agradecimientos","status":"publish","type":"page","link":"https:\/\/carlotallano.com\/en\/agradecimientos\/","title":{"rendered":"Agradecimientos"},"content":{"rendered":"<p>[vc_row full_width=&#8221;stretch_row&#8221; css=&#8221;.vc_custom_1561151236007{border-top-width: 3px !important;background-image: url(http:\/\/carlotallano.com\/wp-content\/uploads\/2019\/06\/Trasquilada.Columpio-de-Vuelo.-F.-Carlos-MArio-Lema.jpg?id=838) !important;background-position: center !important;background-repeat: no-repeat !important;background-size: cover !important;border-top-color: #dd9933 !important;border-top-style: solid !important;}&#8221;][vc_column width=&#8221;1\/4&#8243;][vc_column_text]<img decoding=\"async\" loading=\"lazy\" class=\"alignnone wp-image-881\" src=\"http:\/\/carlotallano.com\/wp-content\/uploads\/2019\/06\/AGRADECIMIENTOS-300x53.png\" alt=\"\" width=\"238\" height=\"42\" srcset=\"https:\/\/carlotallano.com\/wp-content\/uploads\/2019\/06\/AGRADECIMIENTOS-300x53.png 300w, https:\/\/carlotallano.com\/wp-content\/uploads\/2019\/06\/AGRADECIMIENTOS-560x99.png 560w, https:\/\/carlotallano.com\/wp-content\/uploads\/2019\/06\/AGRADECIMIENTOS-120x21.png 120w, https:\/\/carlotallano.com\/wp-content\/uploads\/2019\/06\/AGRADECIMIENTOS.png 733w\" sizes=\"(max-width: 238px) 100vw, 238px\" \/>[\/vc_column_text][\/vc_column][vc_column width=&#8221;1\/2&#8243;][vc_empty_space height=&#8221;80px&#8221;][vc_column_text]<\/p>\n<p style=\"text-align: justify;\"><span style=\"color: #ffffff;\">A mi familia,los da las dos orillas, siempre presentes.<\/span><br \/>\n<span style=\"color: #ffffff;\">A mis profesores de la Maestr\u00eda. Y muy especialmente a Adriana Urrea, mi directora, consultora y maravillosa oyente.<\/span><\/p>\n<p style=\"text-align: justify;\"><span style=\"color: #ffffff;\">A Ana, mi profesora de piano, por sus pacientes lecciones para dedos tiesos.<\/span><br \/>\n<span style=\"color: #ffffff;\">A los maestros de los otros pelda\u00f1os, por las luces y los ampujones.<\/span><\/p>\n<p style=\"text-align: justify;\"><span style=\"color: #ffffff;\">A la doctora Elsa Luc\u00eda Arango, mi luz para los siguientes pelda\u00f1os.<\/span><br \/>\n<span style=\"color: #ffffff;\">A mis compa\u00f1eros, Sylvia Jalmas particular, quien me ense\u00f1\u00f3 a jugar con la imagenes.<\/span><br \/>\n<span style=\"color: #ffffff;\">Al Creador por los soplos creativos. Y ala Vida.<\/span><\/p>\n<p>[\/vc_column_text][vc_empty_space height=&#8221;50px&#8221;][\/vc_column][vc_column width=&#8221;1\/4&#8243;][\/vc_column][\/vc_row]<\/p>","protected":false},"excerpt":{"rendered":"<p>[vc_row full_width=&#8221;stretch_row&#8221; css=&#8221;.vc_custom_1561151236007{border-top-width: 3px !important;background-image: url(http:\/\/carlotallano.com\/wp-content\/uploads\/2019\/06\/Trasquilada.Columpio-de-Vuelo.-F.-Carlos-MArio-Lema.jpg?id=838) !important;background-position: center !important;background-repeat: no-repeat !important;background-size: cover !important;border-top-color: #dd9933 !important;border-top-style: solid !important;}&#8221;][vc_column width=&#8221;1\/4&#8243;][vc_column_text][\/vc_column_text][\/vc_column][vc_column width=&#8221;1\/2&#8243;][vc_empty_space height=&#8221;80px&#8221;][vc_column_text] A mi familia,los da las dos orillas, siempre presentes. A mis profesores de la Maestr\u00eda. Y muy especialmente a Adriana Urrea, mi directora, consultora y maravillosa oyente. A Ana, mi profesora de piano, por sus [&hellip;]<\/p>\n","protected":false},"author":1,"featured_media":0,"parent":0,"menu_order":0,"comment_status":"closed","ping_status":"closed","template":"","meta":[],"_links":{"self":[{"href":"https:\/\/carlotallano.com\/en\/wp-json\/wp\/v2\/pages\/531"}],"collection":[{"href":"https:\/\/carlotallano.com\/en\/wp-json\/wp\/v2\/pages"}],"about":[{"href":"https:\/\/carlotallano.com\/en\/wp-json\/wp\/v2\/types\/page"}],"author":[{"embeddable":true,"href":"https:\/\/carlotallano.com\/en\/wp-json\/wp\/v2\/users\/1"}],"replies":[{"embeddable":true,"href":"https:\/\/carlotallano.com\/en\/wp-json\/wp\/v2\/comments?post=531"}],"version-history":[{"count":14,"href":"https:\/\/carlotallano.com\/en\/wp-json\/wp\/v2\/pages\/531\/revisions"}],"predecessor-version":[{"id":1855,"href":"https:\/\/carlotallano.com\/en\/wp-json\/wp\/v2\/pages\/531\/revisions\/1855"}],"wp:attachment":[{"href":"https:\/\/carlotallano.com\/en\/wp-json\/wp\/v2\/media?parent=531"}],"curies":[{"name":"wp","href":"https:\/\/api.w.org\/{rel}","templated":true}]}}