{"id":497,"date":"2019-05-22T21:31:05","date_gmt":"2019-05-22T19:31:05","guid":{"rendered":"https:\/\/carlotallano.com\/?page_id=497"},"modified":"2019-09-12T16:41:26","modified_gmt":"2019-09-12T21:41:26","slug":"sobre-el-libro","status":"publish","type":"page","link":"https:\/\/carlotallano.com\/en\/sobre-el-libro\/","title":{"rendered":"Sobre el Libro"},"content":{"rendered":"<p>[vc_row full_width=&#8221;stretch_row&#8221; css=&#8221;.vc_custom_1561159456940{border-top-width: 3px !important;background-image: url(http:\/\/carlotallano.com\/wp-content\/uploads\/2019\/05\/Captura-de-pantalla-2019-05-21-a-las-2.05.20-p.m.-1.png?id=302) !important;background-position: center !important;background-repeat: no-repeat !important;background-size: cover !important;border-top-color: #dd9933 !important;}&#8221;][vc_column width=&#8221;1\/4&#8243;][vc_column_text]<img decoding=\"async\" loading=\"lazy\" class=\"alignnone wp-image-899\" src=\"http:\/\/carlotallano.com\/wp-content\/uploads\/2019\/06\/SOBRE-EL-LIBRO-300x54.png\" alt=\"\" width=\"189\" height=\"34\" srcset=\"https:\/\/carlotallano.com\/wp-content\/uploads\/2019\/06\/SOBRE-EL-LIBRO-300x54.png 300w, https:\/\/carlotallano.com\/wp-content\/uploads\/2019\/06\/SOBRE-EL-LIBRO-560x101.png 560w, https:\/\/carlotallano.com\/wp-content\/uploads\/2019\/06\/SOBRE-EL-LIBRO-120x22.png 120w, https:\/\/carlotallano.com\/wp-content\/uploads\/2019\/06\/SOBRE-EL-LIBRO.png 596w\" sizes=\"(max-width: 189px) 100vw, 189px\" \/>[\/vc_column_text][\/vc_column][vc_column width=&#8221;1\/2&#8243;][vc_empty_space height=&#8221;60px&#8221;][vc_column_text]<\/p>\n<p style=\"text-align: justify;\"><span style=\"color: #ffffff;\">Las Mujeres en la guerra es la colecci\u00f3n de verdades distintas y subjetivas que, al entrecruzarse, disparan el conflicto .<\/span><br \/>\n<span style=\"color: #ffffff;\">Pero este libro no muestra las verdades de los hombres, que son los que hacenla guerra, sino la verdad de quienes la sufren: las mujeres y los ni\u00f1os. Las mujeres no estamos hechas para la guerra . No nos sentimos c\u00f3modas en ella. Ni siquiera se sienten as\u00ed las guerreras que hablan aqu\u00ed. A ninguna le gustan las armas. La guerra nos la est\u00e1n imponiendo los hombres con su ambici\u00f3n de poder, su necesidad de sentirse ricos y fuertes y de afirmarse como machos.<\/span><\/p>\n<p style=\"text-align: justify;\"><span style=\"color: #ffffff;\">Pero \u00bfa d\u00f3nde, se\u00f1ores, nos est\u00e1n llevando sus razones para justificar la guerra? Al triunfo de su barbarie sobre la vida, encamada en las mujeres, los ni\u00f1os y la tierra, ustedes creen que conquistan los pueblos con su poder y sus armas porque ellos les hacen creer que si los aceptan. No, se\u00f1ores, los aceptan a la fuerza. Pero la fuerza no conquista . Ella, al igual que una violaci\u00f3n, doblega y sustituye el afecto y la familia. Sepan, se\u00f1ores de las armas, que no los queremos&#8221;<\/span><br \/>\n<span style=\"color: #ffffff;\">Como testimonio de su torpeza infinita est\u00e1 el que su principal preocupaci\u00f3n sea defender su pedacito de poder o su porci\u00f3n de tierra. Pero, al paso que van, tengan la certeza de que ninguno de ustedes va a ganar la guerra y, en cambio, muy pronto termnar\u00e1n de arrasar la fuente de la vida.<\/span><\/p>\n<p style=\"text-align: justify;\"><span style=\"color: #ffffff;\">Al ver en San Vicente del Cagu\u00e1n los rostros de las mujeres de las Farc, armadas pero con miradas de ni\u00f1as, y los dolores de madres compungidas por la ausencia de sus hijos, surgi\u00f3 la idea de hacer<strong> Las Mujeres en la Guerra<\/strong>.\u00a0 Los relatos retratan no solamente a las protagonistas de este libro, sino tambi\u00e9n a los hombres que hacen la guerra, con sus entra\u00f1as ensangrentadas y ego\u00edstas, sus ansias de poder y su machismo. Los hombres de las armas no son conscientes del dolor tan enorme que ellos causan. Justamente lo que pretende el libro es hacerlos conscientes de ese dolor infinito, e implorarles a las mujeres que se unan de verdad contra la guerra.<\/span><\/p>\n<p style=\"text-align: justify;\"><span style=\"color: #ffffff;\">Se\u00f1ores de las armas : no hay raz\u00f3n que justifique tanto dolor&#8230; \u00bfNo les<\/span><br \/>\n<span style=\"color: #ffffff;\">parece suficiente el que hemos vivido? Paremos todos la guerra a cualquier precio. Miren sus frutos : v\u00e9anlos retratados en el coraz\u00f3n de este libro. Y&#8230; acu\u00e9rdense: ustedes tambi\u00e9n fueron ni\u00f1os<\/span><\/p>\n<p style=\"text-align: justify;\"><span style=\"color: #ffffff;\">Patricia Lara<\/span><\/p>\n<p>[\/vc_column_text][\/vc_column][vc_column width=&#8221;1\/4&#8243;][\/vc_column][\/vc_row]<\/p>","protected":false},"excerpt":{"rendered":"<p>[vc_row full_width=&#8221;stretch_row&#8221; css=&#8221;.vc_custom_1561159456940{border-top-width: 3px !important;background-image: url(http:\/\/carlotallano.com\/wp-content\/uploads\/2019\/05\/Captura-de-pantalla-2019-05-21-a-las-2.05.20-p.m.-1.png?id=302) !important;background-position: center !important;background-repeat: no-repeat !important;background-size: cover !important;border-top-color: #dd9933 !important;}&#8221;][vc_column width=&#8221;1\/4&#8243;][vc_column_text][\/vc_column_text][\/vc_column][vc_column width=&#8221;1\/2&#8243;][vc_empty_space height=&#8221;60px&#8221;][vc_column_text] Las Mujeres en la guerra es la colecci\u00f3n de verdades distintas y subjetivas que, al entrecruzarse, disparan el conflicto . Pero este libro no muestra las verdades de los hombres, que son los que hacenla guerra, sino [&hellip;]<\/p>\n","protected":false},"author":1,"featured_media":0,"parent":0,"menu_order":0,"comment_status":"closed","ping_status":"closed","template":"","meta":[],"_links":{"self":[{"href":"https:\/\/carlotallano.com\/en\/wp-json\/wp\/v2\/pages\/497"}],"collection":[{"href":"https:\/\/carlotallano.com\/en\/wp-json\/wp\/v2\/pages"}],"about":[{"href":"https:\/\/carlotallano.com\/en\/wp-json\/wp\/v2\/types\/page"}],"author":[{"embeddable":true,"href":"https:\/\/carlotallano.com\/en\/wp-json\/wp\/v2\/users\/1"}],"replies":[{"embeddable":true,"href":"https:\/\/carlotallano.com\/en\/wp-json\/wp\/v2\/comments?post=497"}],"version-history":[{"count":23,"href":"https:\/\/carlotallano.com\/en\/wp-json\/wp\/v2\/pages\/497\/revisions"}],"predecessor-version":[{"id":1847,"href":"https:\/\/carlotallano.com\/en\/wp-json\/wp\/v2\/pages\/497\/revisions\/1847"}],"wp:attachment":[{"href":"https:\/\/carlotallano.com\/en\/wp-json\/wp\/v2\/media?parent=497"}],"curies":[{"name":"wp","href":"https:\/\/api.w.org\/{rel}","templated":true}]}}