{"id":493,"date":"2019-05-22T20:42:18","date_gmt":"2019-05-22T18:42:18","guid":{"rendered":"https:\/\/carlotallano.com\/?page_id=493"},"modified":"2019-09-12T16:49:45","modified_gmt":"2019-09-12T21:49:45","slug":"sobre-la-obra","status":"publish","type":"page","link":"https:\/\/carlotallano.com\/en\/sobre-la-obra\/","title":{"rendered":"Sobre la Obra Mujeres en la Guerra"},"content":{"rendered":"<p>[vc_row full_width=&#8221;stretch_row&#8221; css=&#8221;.vc_custom_1561159705209{border-top-width: 3px !important;background-image: url(http:\/\/carlotallano.com\/wp-content\/uploads\/2019\/05\/Captura-de-pantalla-2019-05-21-a-las-2.05.20-p.m.-1.png?id=302) !important;background-position: center !important;background-repeat: no-repeat !important;background-size: cover !important;border-top-color: #dd9933 !important;border-top-style: solid !important;}&#8221;][vc_column width=&#8221;1\/4&#8243;][vc_column_text]<img decoding=\"async\" loading=\"lazy\" class=\"alignnone wp-image-846\" src=\"http:\/\/carlotallano.com\/wp-content\/uploads\/2019\/06\/SOBRE-LA-OBRA-300x65.png\" alt=\"\" width=\"185\" height=\"40\" srcset=\"https:\/\/carlotallano.com\/wp-content\/uploads\/2019\/06\/SOBRE-LA-OBRA-300x65.png 300w, https:\/\/carlotallano.com\/wp-content\/uploads\/2019\/06\/SOBRE-LA-OBRA-560x122.png 560w, https:\/\/carlotallano.com\/wp-content\/uploads\/2019\/06\/SOBRE-LA-OBRA-120x26.png 120w, https:\/\/carlotallano.com\/wp-content\/uploads\/2019\/06\/SOBRE-LA-OBRA.png 596w\" sizes=\"(max-width: 185px) 100vw, 185px\" \/>[\/vc_column_text][\/vc_column][vc_column width=&#8221;1\/2&#8243;][vc_empty_space height=&#8221;100px&#8221;][vc_column_text]<\/p>\n<div style=\"overflow: auto; width: 100%; height: 500px;\">\n<p style=\"text-align: justify;\"><span style=\"color: #ffffff;\">\u00bfQu\u00e9 tenemos para decir nosotros los artistas en este oscuro momento, e inmersos como todos en una cruda realidad?<\/span><br \/>\n<span style=\"color: #ffffff;\">\u00bfC\u00f3mo podemos poner nuestro granito de arena desde nuestro arte para construir una sociedad mejor?<\/span><br \/>\n<span style=\"color: #ffffff;\">\u00bfC\u00f3mo ayudar y ayudamos a vislumbrar esa luz al final delt\u00fanel?<\/span><\/p>\n<p style=\"text-align: justify;\"><span style=\"color: #ffffff;\">Con estas preguntas a flor de labios, de piel y de coraz\u00f3n, nos topamos con estos testimonios de vida recogidos por Patricia Lara en su valioso libro,<strong> Las Mujeres en la Guerra<\/strong>, un verdadero acto de paz. Testimonios que tienen mucho qu\u00e9 ense\u00f1arnos, que nos dan ejemplo de valor, de esperanza , de anhelo de vida, que nos dicen que en nuestra gente est\u00e1n las respuestas. Escogimos cuatro magnificas y valientes mujeres &#8211; muy dificil elecci\u00f3n -, entre as 10 que cuentan sus historias en el libro :<\/span><\/p>\n<p style=\"text-align: justify;\"><span style=\"color: #ffffff;\"><strong>Dora Margarita, la guerrillera:<\/strong> &#8220;Si antes de empezar a matarnos tuvi\u00e9ramos la oportunidad de conversar, si fu\u00e9ramos capaces de ver al ser humano que hay detr\u00e1s del hombre armado de enfrente, si pudi\u00e9ramos comunicamos parar\u00edamos la guerra y rescatar\u00edamos el pa\u00eds&#8221;.\u00a0 Chave, de las autodefensas: &#8220;Mi mejor amiga en la c\u00e1rcel ha sido la esposa de un comandante de las FARC, es muy solidaria y tolerante. Ambas sabemos que estamos en guerra, afuera ella ser\u00eda un blanco militar, ella me ha dicho que si le tocara tendr\u00eda que matarme &#8230; A m\u00ed pocas cosas me parecen malas en la vida, me parece malo matar:&#8221;<\/span><\/p>\n<p style=\"text-align: justify;\"><span style=\"color: #ffffff;\"><strong>Juana. madre desplazada:<\/strong> Yo s\u00f3lo le pido a Dios que me deje vivir &#8220;hasta que mis hijas se puedan defender solitas y le pido que haya paz en el pa\u00eds, y que se acaben los grupos armados; ellos son los del conflicto, pelean por elpoder. Pero los que pagamos elpato somos los que no tenemos que ver con eso. Los que no somos ni agua ni pescado.&#8221;<\/span><\/p>\n<p style=\"text-align: justify;\"><span style=\"color: #ffffff;\"><strong>Margot,la madre:<\/strong> &#8220;Pienso que eldestino de cada ser est\u00e1 marcado&#8230; Lo grandioso de m\u00ed hogar, siendo Johny militar, ha sido el respeto por mis hijos&#8230; El Se\u00f1or me dice que la vida no es f\u00e1cil, que hay que tener coraje,que a eso vinimos.&#8221;<\/span><\/p>\n<p style=\"text-align: justify;\"><span style=\"color: #ffffff;\">Testimonios de mujeres que han perdido sus seres amados y su sitio en el mundo, y rebozan de amor y solidaridad. A trav\u00e9s de ellas tratamos de enlazar esa alma de mujer que a pesar del sufrimiento y el dolor, cree en un pa\u00eds mejor para las futuras generaciones, sue\u00f1a con unos ni\u00f1os creciendo en el respeto por el otro. Testimonios que iluminanla salida. Pedazos de realidad que el arte no puede cambiar. Pero en los cuales si podemos buscar una met\u00e1fora que nos incite a la reflexi\u00f3n.&#8221;<\/span><br \/>\n<span style=\"color: #ffffff;\">Nos ayuda un \u00e1rbol metaf\u00f3rico concebido por la pintora Cristina Llano donde se abrazan las cuatro mujeres: Margarita cerebro, Chave energia, Juana entra\u00f1as. Margot coraz\u00f3n. Abrazos, una de las constantes en sus testimonios. Abrazos, formas plenas del amor y la solidaridad. Abrazo dador de luz y la fuerza.<\/span><\/p>\n<p style=\"text-align: justify;\"><span style=\"color: #ffffff;\">El poder evocador de las palabras de nuestras mujeres; el canto de nuestras gentes y de gentes de otros lares que desde siempre ha movido monta\u00f1as; un mito sobre la creaci\u00f3n de nuestros ancestros los indigenas Kogi recogido por el maestro Reichel Dolmatoff, en el que ellos con su inmensa sabidur\u00eda nos repiten &#8220;Al principio s\u00f3lo estaba la madre&#8230; Ella era esp\u00edritu de lo que iba a venir y ella era pensamiento y memoria&#8230; el mar era la madre&#8221;.\u00a0 Coplas de Manrique a la muerte de su padre, y nuestros deseos de buenos vientos, son las otras herramientas. Homenaje y petici\u00f3n a Yemay\u00e1, la diosa del mar y de la mujer, nuestro final. Mujer, principio de vida, mujer fuerza y sost\u00e9n, mujer esperanza.<\/span><\/p>\n<p style=\"text-align: justify;\"><span style=\"color: #ffffff;\">Carlota Llano &#8211; Fernando Montes<\/span><\/p>\n<\/div>\n<p>[\/vc_column_text][vc_empty_space height=&#8221;100px&#8221;][\/vc_column][vc_column width=&#8221;1\/4&#8243;][\/vc_column][\/vc_row]<\/p>","protected":false},"excerpt":{"rendered":"<p>[vc_row full_width=&#8221;stretch_row&#8221; css=&#8221;.vc_custom_1561159705209{border-top-width: 3px !important;background-image: url(http:\/\/carlotallano.com\/wp-content\/uploads\/2019\/05\/Captura-de-pantalla-2019-05-21-a-las-2.05.20-p.m.-1.png?id=302) !important;background-position: center !important;background-repeat: no-repeat !important;background-size: cover !important;border-top-color: #dd9933 !important;border-top-style: solid !important;}&#8221;][vc_column width=&#8221;1\/4&#8243;][vc_column_text][\/vc_column_text][\/vc_column][vc_column width=&#8221;1\/2&#8243;][vc_empty_space height=&#8221;100px&#8221;][vc_column_text] \u00bfQu\u00e9 tenemos para decir nosotros los artistas en este oscuro momento, e inmersos como todos en una cruda realidad? \u00bfC\u00f3mo podemos poner nuestro granito de arena desde nuestro arte para construir una sociedad mejor? \u00bfC\u00f3mo [&hellip;]<\/p>\n","protected":false},"author":1,"featured_media":0,"parent":0,"menu_order":0,"comment_status":"closed","ping_status":"closed","template":"","meta":[],"_links":{"self":[{"href":"https:\/\/carlotallano.com\/en\/wp-json\/wp\/v2\/pages\/493"}],"collection":[{"href":"https:\/\/carlotallano.com\/en\/wp-json\/wp\/v2\/pages"}],"about":[{"href":"https:\/\/carlotallano.com\/en\/wp-json\/wp\/v2\/types\/page"}],"author":[{"embeddable":true,"href":"https:\/\/carlotallano.com\/en\/wp-json\/wp\/v2\/users\/1"}],"replies":[{"embeddable":true,"href":"https:\/\/carlotallano.com\/en\/wp-json\/wp\/v2\/comments?post=493"}],"version-history":[{"count":20,"href":"https:\/\/carlotallano.com\/en\/wp-json\/wp\/v2\/pages\/493\/revisions"}],"predecessor-version":[{"id":1848,"href":"https:\/\/carlotallano.com\/en\/wp-json\/wp\/v2\/pages\/493\/revisions\/1848"}],"wp:attachment":[{"href":"https:\/\/carlotallano.com\/en\/wp-json\/wp\/v2\/media?parent=493"}],"curies":[{"name":"wp","href":"https:\/\/api.w.org\/{rel}","templated":true}]}}