{"id":478,"date":"2019-05-22T19:11:50","date_gmt":"2019-05-22T17:11:50","guid":{"rendered":"https:\/\/carlotallano.com\/?page_id=478"},"modified":"2019-09-12T16:56:16","modified_gmt":"2019-09-12T21:56:16","slug":"textos-y-canciones","status":"publish","type":"page","link":"https:\/\/carlotallano.com\/en\/textos-y-canciones\/","title":{"rendered":"Textos y Canciones"},"content":{"rendered":"<p>[vc_row full_width=&#8221;stretch_row&#8221; css=&#8221;.vc_custom_1561160243370{border-top-width: 3px !important;background-image: url(http:\/\/carlotallano.com\/wp-content\/uploads\/2019\/05\/Captura-de-pantalla-2019-05-21-a-las-2.05.20-p.m.-1.png?id=302) !important;background-position: center !important;background-repeat: no-repeat !important;background-size: cover !important;border-top-color: #dd9933 !important;border-top-style: solid !important;}&#8221;][vc_column width=&#8221;1\/4&#8243;][vc_column_text]<img decoding=\"async\" loading=\"lazy\" class=\"alignnone wp-image-911\" src=\"http:\/\/carlotallano.com\/wp-content\/uploads\/2019\/06\/TEXTOS-Y-CANCIONES-300x40.png\" alt=\"\" width=\"287\" height=\"38\" srcset=\"https:\/\/carlotallano.com\/wp-content\/uploads\/2019\/06\/TEXTOS-Y-CANCIONES-300x40.png 300w, https:\/\/carlotallano.com\/wp-content\/uploads\/2019\/06\/TEXTOS-Y-CANCIONES-768x102.png 768w, https:\/\/carlotallano.com\/wp-content\/uploads\/2019\/06\/TEXTOS-Y-CANCIONES-560x74.png 560w, https:\/\/carlotallano.com\/wp-content\/uploads\/2019\/06\/TEXTOS-Y-CANCIONES-120x16.png 120w, https:\/\/carlotallano.com\/wp-content\/uploads\/2019\/06\/TEXTOS-Y-CANCIONES.png 805w\" sizes=\"(max-width: 287px) 100vw, 287px\" \/>[\/vc_column_text][\/vc_column][vc_column width=&#8221;1\/2&#8243;][vc_empty_space height=&#8221;90px&#8221;][vc_column_text]<\/p>\n<ul>\n<li style=\"text-align: justify;\"><span style=\"color: #ffffff;\"><strong>Textos de cuatro personajes :<\/strong> Edici\u00f3n de sus testimonios extra\u00eddos del libro <strong>Las Mujeres de la Guerra\u00a0 <\/strong>de Patricia Lara, Editorial Planeta 2000.<\/span><\/li>\n<li style=\"text-align: justify;\"><span style=\"color: #ffffff;\"><strong>Textos de la actriz :<\/strong> Estractos del mito Kogui &#8220;La Creaci\u00f3n&#8221; sacados del libro <strong>Los Kogui <\/strong>de Gerardo Reichel Dolmatoff, Procultura 1985, y palabras propias.<\/span><\/li>\n<\/ul>\n<p style=\"text-align: justify;\"><span style=\"color: #ffffff;\">\u00a0\u00a0\u00a0\u00a0\u00a0\u00a0\u00a0\u00a0\u00a0\u00a0\u00a0\u00a0\u00a0\u00a0 Edici\u00f3n de las siguientes Canciones :<\/span><\/p>\n<ul>\n<li style=\"text-align: justify;\"><span style=\"color: #ffffff;\"><strong>Donde est\u00e1n las Flores<\/strong>,\u00a0 de Peter Seeger<\/span><\/li>\n<li style=\"text-align: justify;\"><span style=\"color: #ffffff;\"><strong>La Llorona<\/strong>, folclor mexicano<\/span><\/li>\n<li style=\"text-align: justify;\"><span style=\"color: #ffffff;\"><strong>Oh, hilando<\/strong>, folclor chocoano<\/span><\/li>\n<li style=\"text-align: justify;\"><span style=\"color: #ffffff;\"><strong>Al olivo,<\/strong> folclor espa\u00f1ol<\/span><\/li>\n<li style=\"text-align: justify;\"><span style=\"color: #ffffff;\"><strong>Matilde Lina<\/strong>, de Leandro Diaz<\/span><\/li>\n<li style=\"text-align: justify;\"><span style=\"color: #ffffff;\"><strong>\u00danicamente T\u00fa<\/strong>, de Felipe Pirela<\/span><\/li>\n<li style=\"text-align: justify;\"><span style=\"color: #ffffff;\"><strong>Platano Maduro<\/strong>, folclor costa caribe\u00f1a colombiana<\/span><\/li>\n<li style=\"text-align: justify;\"><span style=\"color: #ffffff;\"><strong>Ya se fueron por los valles de Barranca<\/strong>, variaci\u00f3n de una letra de Jos\u00e9 Domingo Garz\u00f3n<\/span><\/li>\n<li style=\"text-align: justify;\"><span style=\"color: #ffffff;\"><strong>Un bergat\u00edn velero<\/strong>, folclor chileno, recopilaci\u00f3n y arreglos de Violeta Parra<\/span><\/li>\n<li style=\"text-align: justify;\"><span style=\"color: #ffffff;\"><strong>Jama\u00edca farewell<\/strong>, de Lord Burguess<\/span><\/li>\n<li style=\"text-align: justify;\"><span style=\"color: #ffffff;\"><strong>Coplas de Jorge Manr\u00edque a la muerte de su padre<\/strong>, versi\u00f3n musical de Paco Ib\u00e1\u00f1es<\/span><\/li>\n<li style=\"text-align: justify;\"><span style=\"color: #ffffff;\"><strong>Yemay\u00e1<\/strong>, canto de santer\u00eda cubano<\/span><\/li>\n<\/ul>\n<p>[\/vc_column_text][vc_empty_space height=&#8221;150px&#8221;][\/vc_column][vc_column width=&#8221;1\/4&#8243;][\/vc_column][\/vc_row]<\/p>","protected":false},"excerpt":{"rendered":"<p>[vc_row full_width=&#8221;stretch_row&#8221; css=&#8221;.vc_custom_1561160243370{border-top-width: 3px !important;background-image: url(http:\/\/carlotallano.com\/wp-content\/uploads\/2019\/05\/Captura-de-pantalla-2019-05-21-a-las-2.05.20-p.m.-1.png?id=302) !important;background-position: center !important;background-repeat: no-repeat !important;background-size: cover !important;border-top-color: #dd9933 !important;border-top-style: solid !important;}&#8221;][vc_column width=&#8221;1\/4&#8243;][vc_column_text][\/vc_column_text][\/vc_column][vc_column width=&#8221;1\/2&#8243;][vc_empty_space height=&#8221;90px&#8221;][vc_column_text] Textos de cuatro personajes : Edici\u00f3n de sus testimonios extra\u00eddos del libro Las Mujeres de la Guerra\u00a0 de Patricia Lara, Editorial Planeta 2000. Textos de la actriz : Estractos del mito Kogui &#8220;La Creaci\u00f3n&#8221; sacados [&hellip;]<\/p>\n","protected":false},"author":1,"featured_media":0,"parent":0,"menu_order":0,"comment_status":"closed","ping_status":"closed","template":"","meta":[],"_links":{"self":[{"href":"https:\/\/carlotallano.com\/en\/wp-json\/wp\/v2\/pages\/478"}],"collection":[{"href":"https:\/\/carlotallano.com\/en\/wp-json\/wp\/v2\/pages"}],"about":[{"href":"https:\/\/carlotallano.com\/en\/wp-json\/wp\/v2\/types\/page"}],"author":[{"embeddable":true,"href":"https:\/\/carlotallano.com\/en\/wp-json\/wp\/v2\/users\/1"}],"replies":[{"embeddable":true,"href":"https:\/\/carlotallano.com\/en\/wp-json\/wp\/v2\/comments?post=478"}],"version-history":[{"count":25,"href":"https:\/\/carlotallano.com\/en\/wp-json\/wp\/v2\/pages\/478\/revisions"}],"predecessor-version":[{"id":1850,"href":"https:\/\/carlotallano.com\/en\/wp-json\/wp\/v2\/pages\/478\/revisions\/1850"}],"wp:attachment":[{"href":"https:\/\/carlotallano.com\/en\/wp-json\/wp\/v2\/media?parent=478"}],"curies":[{"name":"wp","href":"https:\/\/api.w.org\/{rel}","templated":true}]}}