{"id":469,"date":"2019-05-22T18:19:29","date_gmt":"2019-05-22T16:19:29","guid":{"rendered":"https:\/\/carlotallano.com\/?page_id=469"},"modified":"2019-09-12T17:19:38","modified_gmt":"2019-09-12T22:19:38","slug":"sinopsis","status":"publish","type":"page","link":"https:\/\/carlotallano.com\/en\/sinopsis\/","title":{"rendered":"Sinopsis Mujeres en la Guerra"},"content":{"rendered":"<p>[vc_row full_width=&#8221;stretch_row&#8221; css=&#8221;.vc_custom_1561161155431{border-top-width: 3px !important;background-image: url(http:\/\/carlotallano.com\/wp-content\/uploads\/2019\/05\/Captura-de-pantalla-2019-05-21-a-las-2.05.20-p.m.-1.png?id=302) !important;background-position: center !important;background-repeat: no-repeat !important;background-size: cover !important;border-top-color: #dd9933 !important;border-top-style: solid !important;}&#8221;][vc_column width=&#8221;1\/6&#8243;][vc_column_text]<img decoding=\"async\" loading=\"lazy\" class=\"alignnone wp-image-850\" src=\"http:\/\/carlotallano.com\/wp-content\/uploads\/2019\/06\/SINOPSIS-300x111.png\" alt=\"\" width=\"117\" height=\"43\" srcset=\"https:\/\/carlotallano.com\/wp-content\/uploads\/2019\/06\/SINOPSIS-300x111.png 300w, https:\/\/carlotallano.com\/wp-content\/uploads\/2019\/06\/SINOPSIS-120x44.png 120w, https:\/\/carlotallano.com\/wp-content\/uploads\/2019\/06\/SINOPSIS.png 352w\" sizes=\"(max-width: 117px) 100vw, 117px\" \/>[\/vc_column_text][\/vc_column][vc_column width=&#8221;2\/3&#8243;][vc_empty_space height=&#8221;100px&#8221;][vc_column_text]<\/p>\n<div style=\"overflow: auto; width: 100%; height: 400px;\">\n<p style=\"text-align: justify;\"><span style=\"color: #ffffff;\">La actriz entra en escena cantando una canci\u00f3n en contra de la guerra. Luego nos empieza a contar un mito Kogi sobre la creaci\u00f3n, en el que nuestros ancestros nos dicen que en el principio solo estaba la Madre y nos revelan c\u00f3mo sus hijos despues de muchas luchas luchas terminan volviendo a ella, que es principio y f\u00edn. Con este mito, la actriz entrelaza los cuatro personajes: Dora Margarita, la exguerrillera; Chave de las autodefensas; Juana S\u00e1nchez, la desplazada madre de tres ni\u00f1as; Margot, esposa de almirante y madre de tres guerrilleros.<\/span><\/p>\n<p style=\"text-align: justify;\"><span style=\"color: #ffffff;\">Los personajes van apareciendo en ese orden, siempre frente al p\u00fablico, a trav\u00e9s de peque\u00f1os cambios de vestuario y elementos esenciales que las caracterizan, y nos cuentan sus historias con la palabra y el canto.<\/span><\/p>\n<p style=\"text-align: justify;\"><span style=\"color: #ffffff;\">Margarita, paisa nacida en la pobreza y cuyo recuerdo m\u00e1s grabado en la memoria es el hambre, a quien un padre Franciscano la convence de unirse al ELN, pasa luego al M-19 y finalmenta abandona desilucionada de la guerrilla para dedicarse a cuidar a su mam\u00e1, y quien encuentra en la metaf\u00edsica una manera de entender la vida.<\/span><\/p>\n<p style=\"text-align: justify;\"><span style=\"color: #ffffff;\">La Chave resume el conflicto Colombiano : ella era una antigua simpatizante de la guerrilla, quien tuvo una relaci\u00f3n amorosa con\u00a0 un Dirigente del Ej\u00e9rcito de Liberaci\u00f3n Nacional asesinando despues por la misma organizaci\u00f3n. Cansada de los abusos que la guerrilla cometia con la poblaci\u00f3n campesina de C\u00f3rdoba, su tierra natal, particip\u00f3 en la formaci\u00f3n de las Autodefensas Unidas de Colombia y dirigi\u00f3 el \u00e1rea social de ese movimiento. Estuvo presa en la c\u00e1rcel <strong>El<\/strong> <strong>Buen Pastor.<\/strong><\/span><\/p>\n<p style=\"text-align: justify;\"><span style=\"color: #ffffff;\">Juana, nacida en el campo, ha sufrido el desplazamiento por la violencia toda su vida, desde que su pap\u00e1 le toc\u00f3 dejar su hermosa finca cerca del r\u00edo Magdalena por la llegada de la guerrilla, organizaci\u00f3n que de nuevo la forz\u00f3 a abandonar la finca hecha a puslo con su primer esposo; y a quien luego las arremetidas paramilitares la obligaron un buen d\u00eda, a salir corriendo con su segundo marido y sus ni\u00f1as a rebuscarse la vida en la ciudad, donde despu\u00e9s de mucho sufrir logra un ranchito para su familia que poco mitiga la tristeza de la perdida de su tierrita.<\/span><\/p>\n<p style=\"text-align: justify;\"><span style=\"color: #ffffff;\">Margot, nacida en el ceno de una hermosa familia, hija de coronel, esposa de almirante, quien tuvo tres hijos guerrilleros y cri\u00f3 a tres de sus nietos, por sobre todo madre amorosa y cat\u00f3lica practicante,\u00a0 quien ha vivido la muerte violenta de dos de sus hijos y un atentado a otro de ellos. Despues de encarnar los cuatro personajes, la actriz nos cuenta un episodio de su propia historia, concluye el mito Kogi, y para finalizar la obra canta una invocaci\u00f3n &#8211; homenaje a Yemay\u00e1, diosa del mar y de la mujer.<\/span><\/p>\n<\/div>\n<p>[\/vc_column_text][vc_empty_space height=&#8221;100px&#8221;][\/vc_column][vc_column width=&#8221;1\/6&#8243;][\/vc_column][\/vc_row]<\/p>","protected":false},"excerpt":{"rendered":"<p>[vc_row full_width=&#8221;stretch_row&#8221; css=&#8221;.vc_custom_1561161155431{border-top-width: 3px !important;background-image: url(http:\/\/carlotallano.com\/wp-content\/uploads\/2019\/05\/Captura-de-pantalla-2019-05-21-a-las-2.05.20-p.m.-1.png?id=302) !important;background-position: center !important;background-repeat: no-repeat !important;background-size: cover !important;border-top-color: #dd9933 !important;border-top-style: solid !important;}&#8221;][vc_column width=&#8221;1\/6&#8243;][vc_column_text][\/vc_column_text][\/vc_column][vc_column width=&#8221;2\/3&#8243;][vc_empty_space height=&#8221;100px&#8221;][vc_column_text] La actriz entra en escena cantando una canci\u00f3n en contra de la guerra. Luego nos empieza a contar un mito Kogi sobre la creaci\u00f3n, en el que nuestros ancestros nos dicen que en el principio [&hellip;]<\/p>\n","protected":false},"author":1,"featured_media":0,"parent":0,"menu_order":0,"comment_status":"closed","ping_status":"closed","template":"","meta":[],"_links":{"self":[{"href":"https:\/\/carlotallano.com\/en\/wp-json\/wp\/v2\/pages\/469"}],"collection":[{"href":"https:\/\/carlotallano.com\/en\/wp-json\/wp\/v2\/pages"}],"about":[{"href":"https:\/\/carlotallano.com\/en\/wp-json\/wp\/v2\/types\/page"}],"author":[{"embeddable":true,"href":"https:\/\/carlotallano.com\/en\/wp-json\/wp\/v2\/users\/1"}],"replies":[{"embeddable":true,"href":"https:\/\/carlotallano.com\/en\/wp-json\/wp\/v2\/comments?post=469"}],"version-history":[{"count":25,"href":"https:\/\/carlotallano.com\/en\/wp-json\/wp\/v2\/pages\/469\/revisions"}],"predecessor-version":[{"id":1852,"href":"https:\/\/carlotallano.com\/en\/wp-json\/wp\/v2\/pages\/469\/revisions\/1852"}],"wp:attachment":[{"href":"https:\/\/carlotallano.com\/en\/wp-json\/wp\/v2\/media?parent=469"}],"curies":[{"name":"wp","href":"https:\/\/api.w.org\/{rel}","templated":true}]}}