{"id":446,"date":"2019-05-22T09:28:10","date_gmt":"2019-05-22T07:28:10","guid":{"rendered":"https:\/\/carlotallano.com\/?page_id=446"},"modified":"2019-09-12T16:54:03","modified_gmt":"2019-09-12T21:54:03","slug":"reparto","status":"publish","type":"page","link":"https:\/\/carlotallano.com\/en\/reparto\/","title":{"rendered":"Reparto Mujeres en la Guerra"},"content":{"rendered":"<p>[vc_row full_width=&#8221;stretch_row&#8221; css=&#8221;.vc_custom_1561159956553{border-top-width: 3px !important;background-image: url(http:\/\/carlotallano.com\/wp-content\/uploads\/2019\/05\/Captura-de-pantalla-2019-05-21-a-las-2.05.20-p.m.-1.png?id=302) !important;background-position: center !important;background-repeat: no-repeat !important;background-size: cover !important;border-top-color: #dd9933 !important;border-top-style: solid !important;}&#8221;][vc_column width=&#8221;1\/4&#8243;][vc_column_text]<img decoding=\"async\" loading=\"lazy\" class=\"alignnone wp-image-871\" src=\"http:\/\/carlotallano.com\/wp-content\/uploads\/2019\/06\/REPARTO-300x112.png\" alt=\"\" width=\"112\" height=\"42\" srcset=\"https:\/\/carlotallano.com\/wp-content\/uploads\/2019\/06\/REPARTO-300x112.png 300w, https:\/\/carlotallano.com\/wp-content\/uploads\/2019\/06\/REPARTO-120x45.png 120w, https:\/\/carlotallano.com\/wp-content\/uploads\/2019\/06\/REPARTO.png 348w\" sizes=\"(max-width: 112px) 100vw, 112px\" \/>[\/vc_column_text][\/vc_column][vc_column width=&#8221;3\/4&#8243;][vc_empty_space height=&#8221;200px&#8221;][vc_column_text]<\/p>\n<div style=\"overflow: auto; width: 100%; height: 500px;\">\n<p style=\"text-align: justify;\"><span style=\"color: #ffffff;\"><strong>Autora :<\/strong> Patricia Lara.<\/span><br \/>\n<span style=\"color: #ffffff;\"><strong>Dramaturgia y Edici\u00f3n : <\/strong>Carlota Llano y Fernando Montes.<\/span><br \/>\n<span style=\"color: #ffffff;\"><strong>Actriz :<\/strong> Carlota Llano.<\/span><br \/>\n<span style=\"color: #ffffff;\"><strong>Direcci\u00f3n :<\/strong> Fernando Montes.<\/span><br \/>\n<span style=\"color: #ffffff;\"><strong>Dise\u00f1o Escenograf\u00eda :<\/strong> Cristina Llano.<\/span><br \/>\n<span style=\"color: #ffffff;\"><strong>Elaboraci\u00f3n Vestuario :<\/strong> Tina Neuman.<\/span><br \/>\n<span style=\"color: #ffffff;\"><strong>Elaboraci\u00f3n Zapatos:<\/strong> Alberto Hernandez.<\/span><br \/>\n<span style=\"color: #ffffff;\"><strong>Dise\u00f1o iluminaci\u00f3n :<\/strong> Guillermo Pedraza.<\/span><br \/>\n<span style=\"color: #ffffff;\"><strong>J\u00e9fe T\u00e9cnico :<\/strong> Giovanny L\u00f3pez.<\/span><br \/>\n<span style=\"color: #ffffff;\"><strong>Fotograf\u00eda :<\/strong> Carlos Mario Lema.<\/span><br \/>\n<span style=\"color: #ffffff;\">La obra tiene una duraci\u00f3n de una hora y venticinco minutos.<\/span><br \/>\n<span style=\"color: #ffffff;\">No hay intermedios.<\/span><\/p>\n<p style=\"text-align: justify;\"><span style=\"color: #ffffff;\"><strong>PATRICIA LARA<\/strong><\/span><\/p>\n<p style=\"text-align: justify;\"><span style=\"color: #ffffff;\">Desde 1974 ha estado vinculada al periodismo de primera l\u00ednea en Colomba. Cofundadora esea\u00f1o del seminario <strong>Nueva Frontera, <\/strong>del cual fu\u00e9 Gerente y J\u00e9fa de redacci\u00f3n. Estudi\u00f3 Filosof\u00eda y Letras en la Universidad de Los Andes, hizo posgrado en Periodismo y Ciencias de La Comunicaci\u00f3n en Par\u00eds, y Maestr\u00eda en la Universidad de Columbia, Nueva York.\u00a0 Fu\u00e9 corresponsal de las revistas <strong>Altemativa y Proceso<\/strong> (M\u00e9xico), el periodico <strong>El Espectador<\/strong> y de la cadena radial <strong>Caracol; <\/strong>Colaboradora de las revistas Cromos, Semana y Latin American News Letter. Desde los 80 colabora con el diario <strong>El Tiempo. <\/strong>Cofundadora de la revista <strong>Cambio 16<\/strong>, presidenta de la misma durante cinco a\u00f1os. Nominada al premio Nacional de Periodismo Sim\u00f3n Bolivar en 1983 por su entrevista al senador Augusto Espinosa; en 1994 gan\u00f3, junto con Antonio Caballero y Dar\u00edo Restrepo, el Premio Nacional de Periodismo CPB por su informe sobre las drogas. Premio planeta de periodismo 2000 por su libro <strong>Las Mujeres en la Guerra. <\/strong>Defensora del Lector del diario El tiempo 2003. Autora de la novela <strong>Amor enemigo<\/strong>, candidata a la vicepresidencia por el Polo Democr\u00e1tico 2005.<\/span><\/p>\n<p><span style=\"color: #ffffff;\"><strong>FERNANDO MONTES<\/strong><\/span><\/p>\n<p style=\"text-align: justify;\"><span style=\"color: #ffffff;\">Se form\u00f3 en Par\u00eds con Jacques Lecoq, M\u00f3nica Pagneux y Ryzard Cieslak durante cuatro a\u00f1os, y en Italia durante cinco a\u00f1os bajo la direcci\u00f3n del maestro Jerzy Grotowski. Cofundador del Grupo Teatro Varasanta, director art\u00edstico y del taller Permanente de Formaci\u00f3n en el que es profesor de entrenamiento corporal. Dentro de sus puestas en escenas se destacan :<strong> La conferencia de los P\u00e1jaros,\u00a0<\/strong>adaptaci\u00f3n de Carri\u00e9re del poema de Farid Uddin Attar; <strong>Los hermanos Karamazov<\/strong>, adaptaci\u00f3n de la novela de Fiodor Dostoievski; <strong>El Primer Hermano, f\u00e1bula ap\u00f3crifa, y Flores Fieras<\/strong>, creaci\u00f3n del grupo. Pedagogo de varias isntituciones nacionales y extranjeras como director y especialistas en entrenamiento actoral.<\/span><\/p>\n<p style=\"text-align: justify;\"><span style=\"color: #ffffff;\">Ganador de la beca de creaci\u00f3n para artes esc\u00e9nicas del ministerio de Cultura 2005 con su obra <strong>Kilele, <\/strong>menci\u00f3n de honor del premio de direcci\u00f3n teatral 2007, Invitado al FITB 2008 con su obra en coproducci\u00f3n con Francia, <strong>Una Temporada en el Infierno- Le Livre de la Folie.<\/strong><\/span><\/p>\n<p style=\"text-align: justify;\"><span style=\"color: #ffffff;\">Sus \u00faltimos montajes: <strong>Animula Vagula Blandula, un alma a la aderiva y Fragmentos de Libertad, <\/strong>Beca de Creaci\u00f3n del Ministerio de Cultura 2009. En ese mismo a\u00f1o, director del proyecto <strong>Grotowsky : Huellas y Senderos <\/strong>en homenaje a sus 10 a\u00f1os de muerto. Director de los dos mon\u00f3logos, Mujeres de la Guerra y a d\u00f3nde el camino ir\u00e1.<\/span><\/p>\n<p><span style=\"color: #ffffff;\">MUCHAS GRACIAS A TODOS QUIENES HICIERON POSIBLE ESTE TRABAJO, DEDICADO A TODOS LOS QUE BUSCAN LUZ PARA NUESTRO PAIS.<\/span><\/p>\n<\/div>\n<p>[\/vc_column_text][vc_empty_space height=&#8221;100px&#8221;][\/vc_column][\/vc_row]<\/p>","protected":false},"excerpt":{"rendered":"<p>[vc_row full_width=&#8221;stretch_row&#8221; css=&#8221;.vc_custom_1561159956553{border-top-width: 3px !important;background-image: url(http:\/\/carlotallano.com\/wp-content\/uploads\/2019\/05\/Captura-de-pantalla-2019-05-21-a-las-2.05.20-p.m.-1.png?id=302) !important;background-position: center !important;background-repeat: no-repeat !important;background-size: cover !important;border-top-color: #dd9933 !important;border-top-style: solid !important;}&#8221;][vc_column width=&#8221;1\/4&#8243;][vc_column_text][\/vc_column_text][\/vc_column][vc_column width=&#8221;3\/4&#8243;][vc_empty_space height=&#8221;200px&#8221;][vc_column_text] Autora : Patricia Lara. Dramaturgia y Edici\u00f3n : Carlota Llano y Fernando Montes. Actriz : Carlota Llano. Direcci\u00f3n : Fernando Montes. Dise\u00f1o Escenograf\u00eda : Cristina Llano. Elaboraci\u00f3n Vestuario : Tina Neuman. Elaboraci\u00f3n Zapatos: Alberto Hernandez. [&hellip;]<\/p>\n","protected":false},"author":1,"featured_media":0,"parent":0,"menu_order":0,"comment_status":"closed","ping_status":"closed","template":"","meta":[],"_links":{"self":[{"href":"https:\/\/carlotallano.com\/en\/wp-json\/wp\/v2\/pages\/446"}],"collection":[{"href":"https:\/\/carlotallano.com\/en\/wp-json\/wp\/v2\/pages"}],"about":[{"href":"https:\/\/carlotallano.com\/en\/wp-json\/wp\/v2\/types\/page"}],"author":[{"embeddable":true,"href":"https:\/\/carlotallano.com\/en\/wp-json\/wp\/v2\/users\/1"}],"replies":[{"embeddable":true,"href":"https:\/\/carlotallano.com\/en\/wp-json\/wp\/v2\/comments?post=446"}],"version-history":[{"count":43,"href":"https:\/\/carlotallano.com\/en\/wp-json\/wp\/v2\/pages\/446\/revisions"}],"predecessor-version":[{"id":1849,"href":"https:\/\/carlotallano.com\/en\/wp-json\/wp\/v2\/pages\/446\/revisions\/1849"}],"wp:attachment":[{"href":"https:\/\/carlotallano.com\/en\/wp-json\/wp\/v2\/media?parent=446"}],"curies":[{"name":"wp","href":"https:\/\/api.w.org\/{rel}","templated":true}]}}