{"id":360,"date":"2019-05-22T08:00:48","date_gmt":"2019-05-22T06:00:48","guid":{"rendered":"https:\/\/carlotallano.com\/?page_id=360"},"modified":"2019-09-12T17:02:33","modified_gmt":"2019-09-12T22:02:33","slug":"breve-historia-del-montaje","status":"publish","type":"page","link":"https:\/\/carlotallano.com\/en\/breve-historia-del-montaje\/","title":{"rendered":"Breve Historia del Montaje"},"content":{"rendered":"<p>[vc_row full_width=&#8221;stretch_row&#8221; css=&#8221;.vc_custom_1561160937863{border-top-width: 3px !important;background-image: url(http:\/\/carlotallano.com\/wp-content\/uploads\/2019\/05\/Captura-de-pantalla-2019-05-21-a-las-2.05.20-p.m.-1.png?id=302) !important;background-position: center !important;background-repeat: no-repeat !important;background-size: cover !important;border-top-color: #dd9933 !important;border-top-style: solid !important;}&#8221;][vc_column width=&#8221;1\/4&#8243;][vc_column_text]<img decoding=\"async\" loading=\"lazy\" class=\"alignnone wp-image-918\" src=\"http:\/\/carlotallano.com\/wp-content\/uploads\/2019\/06\/BREVE-HISTORIA-DEL-MONTAJE-300x28.png\" alt=\"\" width=\"311\" height=\"29\" srcset=\"https:\/\/carlotallano.com\/wp-content\/uploads\/2019\/06\/BREVE-HISTORIA-DEL-MONTAJE-300x28.png 300w, https:\/\/carlotallano.com\/wp-content\/uploads\/2019\/06\/BREVE-HISTORIA-DEL-MONTAJE-768x72.png 768w, https:\/\/carlotallano.com\/wp-content\/uploads\/2019\/06\/BREVE-HISTORIA-DEL-MONTAJE-1024x96.png 1024w, https:\/\/carlotallano.com\/wp-content\/uploads\/2019\/06\/BREVE-HISTORIA-DEL-MONTAJE-810x76.png 810w, https:\/\/carlotallano.com\/wp-content\/uploads\/2019\/06\/BREVE-HISTORIA-DEL-MONTAJE-560x52.png 560w, https:\/\/carlotallano.com\/wp-content\/uploads\/2019\/06\/BREVE-HISTORIA-DEL-MONTAJE-1110x104.png 1110w, https:\/\/carlotallano.com\/wp-content\/uploads\/2019\/06\/BREVE-HISTORIA-DEL-MONTAJE-1100x107.png 1100w, https:\/\/carlotallano.com\/wp-content\/uploads\/2019\/06\/BREVE-HISTORIA-DEL-MONTAJE-120x11.png 120w, https:\/\/carlotallano.com\/wp-content\/uploads\/2019\/06\/BREVE-HISTORIA-DEL-MONTAJE.png 1147w\" sizes=\"(max-width: 311px) 100vw, 311px\" \/><\/p>\n<p>[\/vc_column_text][\/vc_column][vc_column width=&#8221;3\/4&#8243;][vc_empty_space height=&#8221;100px&#8221;][vc_column_text]<\/p>\n<div style=\"overflow: auto; width: 100%; height: 400px;\">\n<p style=\"text-align: justify;\"><span style=\"color: #ffffff;\">La pieza teatral es una adaptaci\u00f3n del libro hom\u00f3nimo, entrelazada con textos de la mitolog\u00eda kogui y cantos.<\/span><\/p>\n<p style=\"text-align: justify;\"><span style=\"color: #ffffff;\">Su proceso de montaje tom\u00f3 siete meses, despues de los cuales se extren\u00f3 en La Casa del Teatro Nacional, con el patrocinio Editorial Planeta y The British Council, en Agosto de 2001, con dos exitosas temporadas. Adem\u00e1s de las\u00a0 temporadas abiertas al p\u00fablico en general, se han llevado a cabo multiples funciones privadas en Bogot\u00e1 y diversas ciudades para todo tipo de auditorios y en muy diversos espacios, entre las cuales se destacan las realizadas para organizaciones no gubernamentales, el Ministerio de Cultura, el Instituto Disstrital de Cultura y Turismo, el Ministerio de Relaciones Exteriores, universidades y cajas de compensaci\u00f3n.<\/span><\/p>\n<p style=\"text-align: justify;\"><span style=\"color: #ffffff;\">Hasta la fecha la obra lleva 295 funciones en Bogot\u00e1, y en diversas ciudades del pa\u00eds, tales como, Cali, Medell\u00edn, Cartagena, San Andr\u00e9s, Monpox, Buga, Sincelejo, Quibd\u00f3, Barrancabermeja, Cucuta, Pasto, Popay\u00e1n, Ipiales, Bucaramanga, Villanueva, Riohacha, Yopal y Maicao.<\/span><\/p>\n<p style=\"text-align: justify;\"><span style=\"color: #ffffff;\">En 2002 realiz\u00f3 una serie de funciones para la Embajada de Espa\u00f1a y una gira nacional, otra temporada en el Teatro Nacional del la Calle 71 en Bogot\u00e1, y dos salida internacionales a Chicago, U.S.A. , y Espa\u00f1a.<\/span><\/p>\n<p style=\"text-align: justify;\"><span style=\"color: #ffffff;\">En el 2003 estuvo en temporada en Medell\u00edn, Teatro Aguila Descalza, y en Caracas, Venezuela, invitada por la embajada de Colombia. De igual manera, viaj\u00f3 a La Paz, Bolivia, en representaci\u00f3n de Colombia a la feria del Libro 2004.<\/span><\/p>\n<p style=\"text-align: justify;\"><span style=\"color: #ffffff;\">En abril del 2005 se present\u00f3 en la Maison de L\u00b4Amerique Latine en Paris. En Julio de 2006 en Hondura, invitada por el Ministerio de Realaciones Exteriores.<\/span><\/p>\n<p style=\"text-align: justify;\"><span style=\"color: #ffffff;\">En Noviembre de 2006 se extren\u00f3 en el marco del evento Magdalena Ant\u00edgona en Bogot\u00e1 la nueva versi\u00f3n de la obra que incluye a La Chave, un personaje de Ad\u00f3nde el camino ir\u00e1, el segundo mon\u00f3logo, continuaci\u00f3n de Mujeresen la Guerra.<\/span><\/p>\n<p style=\"text-align: justify;\"><span style=\"color: #ffffff;\">De 2007 destacamos en el primer semestre de la temporada en la Fundaci\u00f3n Gilberto Alzate Avenda\u00f1o de Bogot\u00e1 y las funciones en Uruguay, invitada por la Embajada de Colombia. y del segundo semestre, las dos funciones realizadas en el marco de la Feria del Libro de Guadalajara, M\u00e9xico, como miembro de la delegaci\u00f3n de Colomiba, pa\u00eds invitado de honor a ese evento. En octubre de 2010, hizo temporada en el Centro Cultural Julio Mario Santo Domingo con la reciente producci\u00f3n de la actriz, Culumpio de Vuelo.<\/span><\/p>\n<p style=\"text-align: justify;\"><span style=\"color: #ffffff;\">Ha participado en\u00a0 numerosos Festivales internacionales: El VIII y IX Festival Iberoamericano de Teatro en Bogot\u00e1, marzo de 2002 y 2004; en el Festiva internacinal de Londrina en Brasil en mayo de 2002; en la celebraci\u00f3n de Slamanca Capital de la Cultura 2003; en el Fetival Cultural de la Olimpiadas en Grecia, junio 2004; en el primer Festival de la Artes Esc\u00e9nicas de Panam\u00e1, julio 2004; en el Festival de las Artes 2005 de Cali, en el Teatro Stage Festival de New York, junio 2008, y en la XXI edici\u00f3n del Festival del Sur, Islas Canarias, julio 2008.<\/span><\/p>\n<p style=\"text-align: justify;\"><span style=\"color: #ffffff;\">Realizo en 2011 una gira a Israel invitada por el Festival de Theatro Netto de Tel Aviv y la Embajada de Colombia en dicho pa\u00eds; y una fuci\u00f3n en Madrid en Casa Am\u00e9rica como parte de la celebraci\u00f3n de los 10 a\u00f1os de funciones ininterrumpidas.La Comisi\u00f3n de Memoria Hist\u00f3rica y ONU Mujeres celebraron este decenio con una funci\u00f3n en homenaje a las verdaderas protagonistas de la obra, las mujeres que dieron sus testimonios en Noviembre e\u00a0 2011 en el centro Cultural Gabriel Garc\u00eda M\u00e1rquez.<\/span><\/p>\n<\/div>\n<p>[\/vc_column_text][vc_empty_space height=&#8221;100px&#8221;][\/vc_column][\/vc_row]<\/p>","protected":false},"excerpt":{"rendered":"<p>[vc_row full_width=&#8221;stretch_row&#8221; css=&#8221;.vc_custom_1561160937863{border-top-width: 3px !important;background-image: url(http:\/\/carlotallano.com\/wp-content\/uploads\/2019\/05\/Captura-de-pantalla-2019-05-21-a-las-2.05.20-p.m.-1.png?id=302) !important;background-position: center !important;background-repeat: no-repeat !important;background-size: cover !important;border-top-color: #dd9933 !important;border-top-style: solid !important;}&#8221;][vc_column width=&#8221;1\/4&#8243;][vc_column_text] [\/vc_column_text][\/vc_column][vc_column width=&#8221;3\/4&#8243;][vc_empty_space height=&#8221;100px&#8221;][vc_column_text] La pieza teatral es una adaptaci\u00f3n del libro hom\u00f3nimo, entrelazada con textos de la mitolog\u00eda kogui y cantos. Su proceso de montaje tom\u00f3 siete meses, despues de los cuales se extren\u00f3 en La Casa [&hellip;]<\/p>\n","protected":false},"author":1,"featured_media":0,"parent":0,"menu_order":0,"comment_status":"closed","ping_status":"closed","template":"","meta":[],"_links":{"self":[{"href":"https:\/\/carlotallano.com\/en\/wp-json\/wp\/v2\/pages\/360"}],"collection":[{"href":"https:\/\/carlotallano.com\/en\/wp-json\/wp\/v2\/pages"}],"about":[{"href":"https:\/\/carlotallano.com\/en\/wp-json\/wp\/v2\/types\/page"}],"author":[{"embeddable":true,"href":"https:\/\/carlotallano.com\/en\/wp-json\/wp\/v2\/users\/1"}],"replies":[{"embeddable":true,"href":"https:\/\/carlotallano.com\/en\/wp-json\/wp\/v2\/comments?post=360"}],"version-history":[{"count":47,"href":"https:\/\/carlotallano.com\/en\/wp-json\/wp\/v2\/pages\/360\/revisions"}],"predecessor-version":[{"id":1851,"href":"https:\/\/carlotallano.com\/en\/wp-json\/wp\/v2\/pages\/360\/revisions\/1851"}],"wp:attachment":[{"href":"https:\/\/carlotallano.com\/en\/wp-json\/wp\/v2\/media?parent=360"}],"curies":[{"name":"wp","href":"https:\/\/api.w.org\/{rel}","templated":true}]}}