{"id":29,"date":"2019-05-14T04:23:45","date_gmt":"2019-05-14T02:23:45","guid":{"rendered":"https:\/\/carlotallano.com\/?page_id=29"},"modified":"2019-09-12T16:39:43","modified_gmt":"2019-09-12T21:39:43","slug":"actriz","status":"publish","type":"page","link":"https:\/\/carlotallano.com\/en\/actriz\/","title":{"rendered":"Actriz"},"content":{"rendered":"<p>[vc_row full_width=&#8221;stretch_row&#8221; css=&#8221;.vc_custom_1561078474399{border-top-width: 3px !important;background-image: url(http:\/\/carlotallano.com\/wp-content\/uploads\/2019\/06\/fondo-actriz.jpg?id=644) !important;background-position: center !important;background-repeat: no-repeat !important;background-size: cover !important;border-top-color: #dd9933 !important;border-top-style: solid !important;}&#8221;][vc_column width=&#8221;2\/3&#8243;][vc_column_text]<img decoding=\"async\" loading=\"lazy\" class=\"alignnone wp-image-729\" src=\"http:\/\/carlotallano.com\/wp-content\/uploads\/2019\/06\/ACTRIZ.png\" alt=\"\" width=\"102\" height=\"47\" srcset=\"https:\/\/carlotallano.com\/wp-content\/uploads\/2019\/06\/ACTRIZ.png 283w, https:\/\/carlotallano.com\/wp-content\/uploads\/2019\/06\/ACTRIZ-120x55.png 120w\" sizes=\"(max-width: 102px) 100vw, 102px\" \/>[\/vc_column_text][vc_empty_space height=&#8221;100px&#8221;][vc_column_text]<\/p>\n<h3><strong><span style=\"color: #ff9900;\">ART\u00cdCULO<\/span><\/strong><\/h3>\n<p>[\/vc_column_text][vc_single_image image=&#8221;672&#8243; img_size=&#8221;120&#215;120&#8243; onclick=&#8221;custom_link&#8221; img_link_target=&#8221;_blank&#8221; link=&#8221;http:\/\/carlotallano.com\/wp-content\/uploads\/2019\/05\/creciendo.pdf&#8221;][vc_column_text]<\/p>\n<h3><strong><span style=\"color: #ff9900;\">PRENSA<\/span><\/strong><\/h3>\n<p>[\/vc_column_text][vc_gallery type=&#8221;image_grid&#8221; images=&#8221;673,674,675,664,668&#8243; img_size=&#8221;120&#215;120&#8243; onclick=&#8221;custom_link&#8221; custom_links_target=&#8221;_blank&#8221; custom_links=&#8221;#E-8_aHR0cHMlM0ElMkYlMkZjYXJsb3RhbGxhbm8uY29tJTJGd2ViLWNhcmxvdGElMkZ3cC1jb250ZW50JTJGdXBsb2FkcyUyRjIwMTklMkYwNSUyRmFsby5wZGYlMkNodHRwcyUzQSUyRiUyRmNhcmxvdGFsbGFuby5jb20lMkZ3ZWItY2FybG90YSUyRndwLWNvbnRlbnQlMkZ1cGxvYWRzJTJGMjAxOSUyRjA1JTJGbGFwcmVuc2EucGRmJTJDaHR0cHMlM0ElMkYlMkZjYXJsb3RhbGxhbm8uY29tJTJGd2ViLWNhcmxvdGElMkZ3cC1jb250ZW50JTJGdXBsb2FkcyUyRjIwMTklMkYwNSUyRmNhcnJ1c2VsMTk4OS5wZGYlMkNodHRwcyUzQSUyRiUyRmNhcmxvdGFsbGFuby5jb20lMkZ3ZWItY2FybG90YSUyRndwLWNvbnRlbnQlMkZ1cGxvYWRzJTJGMjAxOSUyRjA1JTJGY2Fwc3VsYXMucGRmJTJDaHR0cHMlM0ElMkYlMkZjYXJsb3RhbGxhbm8uY29tJTJGd2ViLWNhcmxvdGElMkZ3cC1jb250ZW50JTJGdXBsb2FkcyUyRjIwMTklMkYwNiUyRnByZW5zYTExLnBkZg==&#8221;][\/vc_column][vc_column width=&#8221;1\/3&#8243; css=&#8221;.vc_custom_1561078295431{margin-top: 50px !important;margin-bottom: 50px !important;border-top-width: 0px !important;border-right-width: 0px !important;border-bottom-width: 0px !important;border-left-width: 0px !important;border-left-color: #dd9933 !important;border-left-style: solid !important;border-right-color: #dd9933 !important;border-right-style: solid !important;border-top-color: #dd9933 !important;border-top-style: solid !important;border-bottom-color: #dd9933 !important;border-bottom-style: solid !important;}&#8221;][vc_column_text]<\/p>\n<p class=\"m_3370362318242233700MsoListParagraph\" style=\"text-align: justify;\"><span style=\"color: #ffffff;\">Algunos de sus personajes m\u00e1s recordados: Do\u00f1a Carmen en La Agon\u00eda del Difunto de Esteban Navajas; Cordelia y Regania en El Rey Lear de Shakespeare; La Hijastra en Seis personajes en busca de autor, de Luigi\u00a0 Pirandello; Estelle en A Puerta Cerrada de Sartre; Nicolasa en El Burgu\u00e9s Gentilhombre de Moliere; Chirinos y Ortigosa en Entremeses de Cervantes, Manuela en Episodios comuneros, de Jorge Plata; Rosa en Sobre las arenas tristes, de Eduardo Camacho; Doto en Un f\u00e9nix demasiado frecuente, de Christopher Fry; La posadera en Jacobo y su amo, de Milan Kundera; Mar\u00eda Antonia en Los Andariegos de Jairo An\u00edbal Ni\u00f1o; Deyanira en H\u00e9rcules y el establo de Aug\u00edas, de Fredrich D\u00fcrrenmatt; Pliushkin en Almas Muertas, de Nicol\u00e1s Gogol; varios personajes de Crescencio, la leyenda y la m\u00fasica; Poppy en Peque\u00f1o negocio de familia, de Alan Ayckbourn; Belinda en Entretelones, de Michael Frayn; Isabel en Un muro en el jard\u00edn, de Jorge Plata; Viola en Noche de Epifan\u00eda, de Shakespeare, entre otros.<u><\/u><u><\/u><\/span><\/p>\n<p class=\"m_3370362318242233700MsoListParagraph\" style=\"text-align: justify;\"><span style=\"color: #ffffff;\">Actriz de los dos mon\u00f3logos, Mujeres en la Guerra y a donde el Camino ir\u00e1.\u00a0 Columpio de vuelo, obra de la cual es creadora e interprete, fue sus tesis de Grado en la Maestr\u00eda interdisciplinar en Teatro y Artes Vivas de la Universidad Nacional de Colombia 2009. <u><\/u><u><\/u><\/span><\/p>\n<p class=\"m_3370362318242233700MsoListParagraph\" style=\"text-align: justify;\"><span style=\"color: #ffffff;\">Interpreta a Martina en la pel\u00edcula Del amor y otros demonios, basada en la novela hom\u00f3nima de Gabriel Garc\u00eda M\u00e1rquez, dirigida por Hilda Hidalgo.<u><\/u><u><\/u><\/span><\/p>\n<p class=\"m_3370362318242233700MsoListParagraph\" style=\"text-align: justify;\"><span style=\"color: #ffffff;\">En 2013, interpreto a Aminta en la serie de Caracol TV \u00abCinco Viudas\u00bb<\/span><\/p>\n<p>[\/vc_column_text][\/vc_column][\/vc_row][vc_row][vc_column][vc_column_text]<\/p>\n<h3><strong><span style=\"color: #ff9900;\">FOTOS<\/span><\/strong><\/h3>\n<p>[\/vc_column_text][vc_column_text]<\/p>\n<p style=\"text-align: center;\">\n<div class=\"gdgallery-gallery-container\" id=\"gdgallery-container-3\" data-id=\"3\">\n    <h3 class='gdgallery_title_h3' style='text-align: center;'><\/h3>\n<div id=\"gdgallery_container_3\" style=\"display:none;\" data-view=\"carousel\">\n            <a href=\"\">\n            <img alt=\"D\u00f1a. C\u00e1rmen en La Agon\u00eda del Difunto de Esteban Navajas\"\n                 data-type=\"image\"\n                 src=\"https:\/\/carlotallano.com\/wp-content\/uploads\/2019\/08\/la-agonia-del-difunto.jpg\"\n                 data-image=\"https:\/\/carlotallano.com\/wp-content\/uploads\/2019\/08\/la-agonia-del-difunto.jpg\"\n                 data-description=\"\"\n                                 style=\"display:block\">\n        <\/a>\n            <a href=\"\">\n            <img alt=\"Chave en: A d\u00f3nde el camino ir\u00e1. Foto: Carlos Mario Lema\"\n                 data-type=\"image\"\n                 src=\"https:\/\/carlotallano.com\/wp-content\/uploads\/2019\/05\/foto-2-2.png\"\n                 data-image=\"https:\/\/carlotallano.com\/wp-content\/uploads\/2019\/05\/foto-2-2.png\"\n                 data-description=\"\"\n                                 style=\"display:block\">\n        <\/a>\n            <a href=\"\">\n            <img alt=\"\u00c1ngela en: A d\u00f3nde el camino ir\u00e1. Foto: Carlos Mario Lema\"\n                 data-type=\"image\"\n                 src=\"https:\/\/carlotallano.com\/wp-content\/uploads\/2019\/06\/salto-a\u0301ngela-e1560494814503.jpg\"\n                 data-image=\"https:\/\/carlotallano.com\/wp-content\/uploads\/2019\/06\/salto-a\u0301ngela-e1560494814503.jpg\"\n                 data-description=\"\"\n                                 style=\"display:block\">\n        <\/a>\n            <a href=\"\">\n            <img alt=\"Estella en: A puerta Cerrada.\"\n                 data-type=\"image\"\n                 src=\"https:\/\/carlotallano.com\/wp-content\/uploads\/2019\/06\/MGL0008-e1560495107467.jpg\"\n                 data-image=\"https:\/\/carlotallano.com\/wp-content\/uploads\/2019\/06\/MGL0008-e1560495107467.jpg\"\n                 data-description=\"\"\n                                 style=\"display:block\">\n        <\/a>\n            <a href=\"\">\n            <img alt=\"La Novia en Crescencio Salcedo\"\n                 data-type=\"image\"\n                 src=\"https:\/\/carlotallano.com\/wp-content\/uploads\/2019\/06\/La-Novia-en-Crescencio-Salcedo.jpg\"\n                 data-image=\"https:\/\/carlotallano.com\/wp-content\/uploads\/2019\/06\/La-Novia-en-Crescencio-Salcedo.jpg\"\n                 data-description=\"\"\n                                 style=\"display:block\">\n        <\/a>\n            <a href=\"\">\n            <img alt=\"Nicolasa en el Burgu\u00e9s Gentilhombre\"\n                 data-type=\"image\"\n                 src=\"https:\/\/carlotallano.com\/wp-content\/uploads\/2019\/06\/MGL0009-e1560497619656.jpg\"\n                 data-image=\"https:\/\/carlotallano.com\/wp-content\/uploads\/2019\/06\/MGL0009-e1560497619656.jpg\"\n                 data-description=\"\"\n                                 style=\"display:block\">\n        <\/a>\n            <a href=\"\">\n            <img alt=\"La Hijastra en sesis personajes en busca de autor. F.Juan Camilo Segura\"\n                 data-type=\"image\"\n                 src=\"https:\/\/carlotallano.com\/wp-content\/uploads\/2019\/06\/MGL0027-e1560497703216.jpg\"\n                 data-image=\"https:\/\/carlotallano.com\/wp-content\/uploads\/2019\/06\/MGL0027-e1560497703216.jpg\"\n                 data-description=\"\"\n                                 style=\"display:block\">\n        <\/a>\n            <a href=\"\">\n            <img alt=\"\u00c1ngela en A d\u00f3nde el camino ir\u00e1. F.Carlos Mario Lema\"\n                 data-type=\"image\"\n                 src=\"https:\/\/carlotallano.com\/wp-content\/uploads\/2019\/06\/a\u0301ngela1-e1560498073682.jpg\"\n                 data-image=\"https:\/\/carlotallano.com\/wp-content\/uploads\/2019\/06\/a\u0301ngela1-e1560498073682.jpg\"\n                 data-description=\"\"\n                                 style=\"display:block\">\n        <\/a>\n            <a href=\"\">\n            <img alt=\"Chave en A d\u00f3nde el camino ir\u00e1. F.Carlos Mario Lema\"\n                 data-type=\"image\"\n                 src=\"https:\/\/carlotallano.com\/wp-content\/uploads\/2019\/06\/foto-Chave.jpg\"\n                 data-image=\"https:\/\/carlotallano.com\/wp-content\/uploads\/2019\/06\/foto-Chave.jpg\"\n                 data-description=\"\"\n                                 style=\"display:block\">\n        <\/a>\n            <a href=\"\">\n            <img alt=\"Martina en la pel\u00edcula Del amor y otros demonios. Producida por CMO, Alicia Films, F. Olga Luc\u00eda Paulhiac.\"\n                 data-type=\"image\"\n                 src=\"https:\/\/carlotallano.com\/wp-content\/uploads\/2019\/06\/Martina-en-la-pel\u00edcula-Del-amor-y-otros-demonios.-Producida-por-CMO-Alicia-Films-F.-Olga-Luc\u00eda-Paulhiac..jpg\"\n                 data-image=\"https:\/\/carlotallano.com\/wp-content\/uploads\/2019\/06\/Martina-en-la-pel\u00edcula-Del-amor-y-otros-demonios.-Producida-por-CMO-Alicia-Films-F.-Olga-Luc\u00eda-Paulhiac..jpg\"\n                 data-description=\"\"\n                                 style=\"display:block\">\n        <\/a>\n            <a href=\"\">\n            <img alt=\"Martina en la pel\u00edcula Del amor y otros demonios. Producida por CMO, Alicia Films, F. Olga Luc\u00eda Paulhiac.\"\n                 data-type=\"image\"\n                 src=\"https:\/\/carlotallano.com\/wp-content\/uploads\/2019\/06\/Martina-en-la-pel\u00edcula-Del-amor-y-otros-demonios.-Producida-por-CMO-Alicia-Films-F.-Olga-Luc\u00eda-Paulhiac.-.jpg\"\n                 data-image=\"https:\/\/carlotallano.com\/wp-content\/uploads\/2019\/06\/Martina-en-la-pel\u00edcula-Del-amor-y-otros-demonios.-Producida-por-CMO-Alicia-Films-F.-Olga-Luc\u00eda-Paulhiac.-.jpg\"\n                 data-description=\"\"\n                                 style=\"display:block\">\n        <\/a>\n            <a href=\"\">\n            <img alt=\"Martina en la pel\u00edcula Del amor y otros demonios. Producida por CMO, Alicia Films, F. Olga Luc\u00eda Paulhiac.--\"\n                 data-type=\"image\"\n                 src=\"https:\/\/carlotallano.com\/wp-content\/uploads\/2019\/06\/Martina-en-la-pel\u00edcula-Del-amor-y-otros-demonios.-Producida-por-CMO-Alicia-Films-F.-Olga-Luc\u00eda-Paulhiac.-1-1.jpg\"\n                 data-image=\"https:\/\/carlotallano.com\/wp-content\/uploads\/2019\/06\/Martina-en-la-pel\u00edcula-Del-amor-y-otros-demonios.-Producida-por-CMO-Alicia-Films-F.-Olga-Luc\u00eda-Paulhiac.-1-1.jpg\"\n                 data-description=\"\"\n                                 style=\"display:block\">\n        <\/a>\n    <\/div>\n\n<script type=\"text\/javascript\">\n\n    (function() {\n        var runMyCode = function() {\n            jQuery(document).ready(function () {\n                var container = jQuery(\"#gdgallery_container_3\");\n                container.unitegallery({\"gallery_theme\":\"carousel\",\"carousel_space_between_tiles\":10,\"tile_width\":200,\"tile_height\":\"200\",\"tile_enable_outline\":false,\"theme_carousel_align\":\"center\",\"carousel_navigation_numtiles\":1,\"carousel_scroll_duration\":500,\"carousel_autoplay\":true,\"carousel_autoplay_timeout\":\"3000\",\"carousel_autoplay_direction\":\"right\",\"carousel_autoplay_pause_onhover\":true,\"theme_enable_navigation\":true,\"theme_navigation_position\":\"bottom\",\"theme_navigation_align\":\"center\",\"theme_navigation_enable_play\":true,\"theme_space_between_arrows\":\"20\",\"tile_enable_textpanel\":true,\"tile_textpanel_always_on\":true,\"tile_textpanel_title_text_align\":\"center\",\"tile_textpanel_title_font_size\":\"16\",\"tile_textpanel_title_color\":\"#FFFFFF\",\"tile_textpanel_bg_color\":\"#333333\",\"tile_textpanel_bg_opacity\":0.7,\"tile_enable_border\":true,\"tile_border_width\":\"0\",\"tile_border_color\":\"#333333\",\"tile_border_radius\":\"0\",\"tile_enable_overlay\":true,\"tile_enable_image_effect\":true,\"tile_image_effect_type\":\"blur\",\"tile_image_effect_reverse\":true,\"tile_enable_shadow\":false,\"tile_as_link\":false,\"tile_enable_icons\":true,\"tile_show_link_icon\":true,\"tile_textpanel_appear_type\":\"slide\",\"tile_textpanel_position\":\"inside_bottom\",\"tile_link_newpage\":true,\"lightbox_type\":\"wide\",\"lightbox_arrows_offset\":0,\"lightbox_overlay_color\":\"#000000\",\"lightbox_overlay_opacity\":1,\"lightbox_top_panel_opacity\":1,\"lightbox_show_numbers\":true,\"lightbox_numbers_size\":\"15\",\"lightbox_numbers_color\":\"#FFFFFF\",\"lightbox_slider_image_border_width\":\"0\",\"lightbox_slider_image_border_color\":\"#FFFFFF\",\"lightbox_slider_image_border_radius\":0,\"lightbox_slider_image_shadow\":true,\"lightbox_slider_control_swipe\":true,\"lightbox_slider_control_zoom\":true,\"lightbox_slider_image_border\":true,\"lightbox_show_textpanel\":true,\"lightbox_textpanel_enable_title\":true,\"lightbox_textpanel_enable_description\":false,\"lightbox_textpanel_padding_top\":5,\"lightbox_textpanel_padding_bottom\":5,\"lightbox_textpanel_padding_right\":5,\"lightbox_textpanel_padding_left\":5,\"lightbox_textpanel_title_color\":\"#FFFFFF\",\"lightbox_textpanel_title_text_align\":\"center\",\"lightbox_textpanel_title_font_size\":\"16\",\"lightbox_textpanel_desc_color\":\"#FFFFFF\",\"lightbox_textpanel_desc_text_align\":\"center\",\"lightbox_textpanel_desc_font_size\":\"14\"});\n            });\n        };\n        var timer = function() {\n            if (window.jQuery) {runMyCode(window.jQuery);}\n            else {window.setTimeout(timer, 100);}\n        };\n        timer();\n    })();\n\n\n<\/script><style>\n#gdgallery-container-3 a.ug-thumb-wrapper{\n    box-shadow: none !important;\n}\n\n.ug-lightbox .ug-lightbox-top-panel-overlay{\n    background-color: #000000 !important;\n}\n\n#gdgallery_container_3{ }<\/style>\n<\/div>\n<p>[\/vc_column_text][\/vc_column][\/vc_row]<\/p>","protected":false},"excerpt":{"rendered":"<p>[vc_row full_width=&#8221;stretch_row&#8221; css=&#8221;.vc_custom_1561078474399{border-top-width: 3px !important;background-image: url(http:\/\/carlotallano.com\/wp-content\/uploads\/2019\/06\/fondo-actriz.jpg?id=644) !important;background-position: center !important;background-repeat: no-repeat !important;background-size: cover !important;border-top-color: #dd9933 !important;border-top-style: solid !important;}&#8221;][vc_column width=&#8221;2\/3&#8243;][vc_column_text][\/vc_column_text][vc_empty_space height=&#8221;100px&#8221;][vc_column_text] ART\u00cdCULO [\/vc_column_text][vc_single_image image=&#8221;672&#8243; img_size=&#8221;120&#215;120&#8243; onclick=&#8221;custom_link&#8221; img_link_target=&#8221;_blank&#8221; link=&#8221;http:\/\/carlotallano.com\/wp-content\/uploads\/2019\/05\/creciendo.pdf&#8221;][vc_column_text] PRENSA [\/vc_column_text][vc_gallery type=&#8221;image_grid&#8221; images=&#8221;673,674,675,664,668&#8243; img_size=&#8221;120&#215;120&#8243; onclick=&#8221;custom_link&#8221; custom_links_target=&#8221;_blank&#8221; custom_links=&#8221;#E-8_aHR0cHMlM0ElMkYlMkZjYXJsb3RhbGxhbm8uY29tJTJGd2ViLWNhcmxvdGElMkZ3cC1jb250ZW50JTJGdXBsb2FkcyUyRjIwMTklMkYwNSUyRmFsby5wZGYlMkNodHRwcyUzQSUyRiUyRmNhcmxvdGFsbGFuby5jb20lMkZ3ZWItY2FybG90YSUyRndwLWNvbnRlbnQlMkZ1cGxvYWRzJTJGMjAxOSUyRjA1JTJGbGFwcmVuc2EucGRmJTJDaHR0cHMlM0ElMkYlMkZjYXJsb3RhbGxhbm8uY29tJTJGd2ViLWNhcmxvdGElMkZ3cC1jb250ZW50JTJGdXBsb2FkcyUyRjIwMTklMkYwNSUyRmNhcnJ1c2VsMTk4OS5wZGYlMkNodHRwcyUzQSUyRiUyRmNhcmxvdGFsbGFuby5jb20lMkZ3ZWItY2FybG90YSUyRndwLWNvbnRlbnQlMkZ1cGxvYWRzJTJGMjAxOSUyRjA1JTJGY2Fwc3VsYXMucGRmJTJDaHR0cHMlM0ElMkYlMkZjYXJsb3RhbGxhbm8uY29tJTJGd2ViLWNhcmxvdGElMkZ3cC1jb250ZW50JTJGdXBsb2FkcyUyRjIwMTklMkYwNiUyRnByZW5zYTExLnBkZg==&#8221;][\/vc_column][vc_column width=&#8221;1\/3&#8243; css=&#8221;.vc_custom_1561078295431{margin-top: 50px !important;margin-bottom: 50px !important;border-top-width: 0px !important;border-right-width: 0px !important;border-bottom-width: 0px !important;border-left-width: 0px !important;border-left-color: #dd9933 !important;border-left-style: solid !important;border-right-color: #dd9933 !important;border-right-style: solid [&hellip;]<\/p>\n","protected":false},"author":1,"featured_media":0,"parent":0,"menu_order":0,"comment_status":"closed","ping_status":"closed","template":"","meta":[],"_links":{"self":[{"href":"https:\/\/carlotallano.com\/en\/wp-json\/wp\/v2\/pages\/29"}],"collection":[{"href":"https:\/\/carlotallano.com\/en\/wp-json\/wp\/v2\/pages"}],"about":[{"href":"https:\/\/carlotallano.com\/en\/wp-json\/wp\/v2\/types\/page"}],"author":[{"embeddable":true,"href":"https:\/\/carlotallano.com\/en\/wp-json\/wp\/v2\/users\/1"}],"replies":[{"embeddable":true,"href":"https:\/\/carlotallano.com\/en\/wp-json\/wp\/v2\/comments?post=29"}],"version-history":[{"count":69,"href":"https:\/\/carlotallano.com\/en\/wp-json\/wp\/v2\/pages\/29\/revisions"}],"predecessor-version":[{"id":1846,"href":"https:\/\/carlotallano.com\/en\/wp-json\/wp\/v2\/pages\/29\/revisions\/1846"}],"wp:attachment":[{"href":"https:\/\/carlotallano.com\/en\/wp-json\/wp\/v2\/media?parent=29"}],"curies":[{"name":"wp","href":"https:\/\/api.w.org\/{rel}","templated":true}]}}