{"id":282,"date":"2019-05-21T19:31:03","date_gmt":"2019-05-21T17:31:03","guid":{"rendered":"https:\/\/carlotallano.com\/?page_id=282"},"modified":"2019-09-03T08:53:32","modified_gmt":"2019-09-03T13:53:32","slug":"profesora-2","status":"publish","type":"page","link":"https:\/\/carlotallano.com\/en\/profesora-2\/","title":{"rendered":"Profesora"},"content":{"rendered":"<p>[vc_row full_width=&#8221;stretch_row&#8221; css=&#8221;.vc_custom_1561078405630{border-top-width: 3px !important;background-image: url(http:\/\/carlotallano.com\/wp-content\/uploads\/2019\/06\/fondo-profesora.jpg?id=627) !important;background-position: center !important;background-repeat: no-repeat !important;background-size: cover !important;border-top-color: #dd9933 !important;border-top-style: solid !important;}&#8221;][vc_column width=&#8221;1\/6&#8243;][vc_column_text]<img decoding=\"async\" loading=\"lazy\" class=\"alignnone wp-image-747\" src=\"http:\/\/carlotallano.com\/wp-content\/uploads\/2019\/06\/PROFESORA-300x82.png\" alt=\"\" width=\"164\" height=\"45\" srcset=\"https:\/\/carlotallano.com\/wp-content\/uploads\/2019\/06\/PROFESORA-300x82.png 300w, https:\/\/carlotallano.com\/wp-content\/uploads\/2019\/06\/PROFESORA-120x33.png 120w, https:\/\/carlotallano.com\/wp-content\/uploads\/2019\/06\/PROFESORA.png 473w\" sizes=\"(max-width: 164px) 100vw, 164px\" \/>[\/vc_column_text][\/vc_column][vc_column width=&#8221;2\/3&#8243; css=&#8221;.vc_custom_1561075224557{margin-top: 50px !important;margin-bottom: 50px !important;border-top-width: 0px !important;border-right-width: 0px !important;border-bottom-width: 0px !important;border-left-width: 0px !important;border-left-color: #ffffff !important;border-left-style: solid !important;border-right-color: #ffffff !important;border-right-style: solid !important;border-top-color: #ffffff !important;border-top-style: solid !important;border-bottom-color: #ffffff !important;border-bottom-style: solid !important;}&#8221;][vc_column_text]<\/p>\n<p>&nbsp;<\/p>\n<p class=\"m_3944235802327736870MsoListParagraph\"><span style=\"color: #ffffff;\">Por m\u00e1s de 25 a\u00f1os ha sido profesora en distintas universidades, fundadora de:<\/span><u><\/u><u><\/u><\/p>\n<p class=\"m_3944235802327736870MsoListParagraph\"><span style=\"color: #ff9900;\">LA ESCUELA DE FORMACI\u00d3N DE ACTORES DE TEATRO LIBRE Y EL PROGRAMA DE ARTES ESC\u00c9NICAS DE LA UNIVERSIDAD PEDAG\u00d3GICA NACIAONAL.<\/span><u><\/u><u><\/u><\/p>\n<p class=\"m_3944235802327736870MsoListParagraph\"><span style=\"color: #ffffff;\">Trabaj\u00f3 11 a\u00f1os en cada una de estas instituciones y 5 a\u00f1os en la Universidad de los Andes.<u><\/u><u><\/u><\/span><\/p>\n<p class=\"m_3944235802327736870MsoListParagraph\"><span style=\"color: #ffffff;\">En el 2012 Directora de montaje y coordinadora acad\u00e9mica de CASA ENSAMBLE \u2013 ESCUELA<\/span><\/p>\n<p>[\/vc_column_text][\/vc_column][vc_column width=&#8221;1\/6&#8243;][\/vc_column][\/vc_row][vc_row][vc_column width=&#8221;1\/2&#8243;][vc_column_text]<\/p>\n<h3><span style=\"color: #ff9900;\"><strong>INVESTIGACI\u00d3N<\/strong><\/span><\/h3>\n<p>[\/vc_column_text][vc_single_image image=&#8221;753&#8243; img_size=&#8221;medium&#8221; onclick=&#8221;custom_link&#8221; img_link_target=&#8221;_blank&#8221; link=&#8221;http:\/\/carlotallano.com\/wp-content\/uploads\/2019\/06\/eaysc.pdf&#8221;][\/vc_column][vc_column width=&#8221;1\/2&#8243;][vc_column_text]<\/p>\n<h3><span style=\"color: #ff9900;\"><strong><span style=\"color: #ff9900;\">SOBRE MI PRIMER TRABAJO<\/span><br \/>\n<\/strong><\/span><\/h3>\n<p>[\/vc_column_text][vc_single_image image=&#8221;757&#8243; img_size=&#8221;medium&#8221; onclick=&#8221;custom_link&#8221; link=&#8221;http:\/\/carlotallano.com\/wp-content\/uploads\/2019\/06\/soho.pdf&#8221;][\/vc_column][\/vc_row]<\/p>","protected":false},"excerpt":{"rendered":"<p>[vc_row full_width=&#8221;stretch_row&#8221; css=&#8221;.vc_custom_1561078405630{border-top-width: 3px !important;background-image: url(http:\/\/carlotallano.com\/wp-content\/uploads\/2019\/06\/fondo-profesora.jpg?id=627) !important;background-position: center !important;background-repeat: no-repeat !important;background-size: cover !important;border-top-color: #dd9933 !important;border-top-style: solid !important;}&#8221;][vc_column width=&#8221;1\/6&#8243;][vc_column_text][\/vc_column_text][\/vc_column][vc_column width=&#8221;2\/3&#8243; css=&#8221;.vc_custom_1561075224557{margin-top: 50px !important;margin-bottom: 50px !important;border-top-width: 0px !important;border-right-width: 0px !important;border-bottom-width: 0px !important;border-left-width: 0px !important;border-left-color: #ffffff !important;border-left-style: solid !important;border-right-color: #ffffff !important;border-right-style: solid !important;border-top-color: #ffffff !important;border-top-style: solid !important;border-bottom-color: #ffffff !important;border-bottom-style: solid !important;}&#8221;][vc_column_text] &nbsp; Por m\u00e1s de 25 a\u00f1os ha [&hellip;]<\/p>\n","protected":false},"author":1,"featured_media":0,"parent":0,"menu_order":0,"comment_status":"closed","ping_status":"closed","template":"","meta":[],"_links":{"self":[{"href":"https:\/\/carlotallano.com\/en\/wp-json\/wp\/v2\/pages\/282"}],"collection":[{"href":"https:\/\/carlotallano.com\/en\/wp-json\/wp\/v2\/pages"}],"about":[{"href":"https:\/\/carlotallano.com\/en\/wp-json\/wp\/v2\/types\/page"}],"author":[{"embeddable":true,"href":"https:\/\/carlotallano.com\/en\/wp-json\/wp\/v2\/users\/1"}],"replies":[{"embeddable":true,"href":"https:\/\/carlotallano.com\/en\/wp-json\/wp\/v2\/comments?post=282"}],"version-history":[{"count":28,"href":"https:\/\/carlotallano.com\/en\/wp-json\/wp\/v2\/pages\/282\/revisions"}],"predecessor-version":[{"id":1814,"href":"https:\/\/carlotallano.com\/en\/wp-json\/wp\/v2\/pages\/282\/revisions\/1814"}],"wp:attachment":[{"href":"https:\/\/carlotallano.com\/en\/wp-json\/wp\/v2\/media?parent=282"}],"curies":[{"name":"wp","href":"https:\/\/api.w.org\/{rel}","templated":true}]}}