{"id":23,"date":"2019-05-14T04:22:54","date_gmt":"2019-05-14T02:22:54","guid":{"rendered":"https:\/\/carlotallano.com\/?page_id=23"},"modified":"2019-09-12T15:32:35","modified_gmt":"2019-09-12T20:32:35","slug":"carlota-llano","status":"publish","type":"page","link":"https:\/\/carlotallano.com\/en\/carlota-llano\/","title":{"rendered":"Carlota Llano"},"content":{"rendered":"<p>[vc_row full_width=&#8221;stretch_row&#8221; css=&#8221;.vc_custom_1561078550857{margin-bottom: 0px !important;border-top-width: 3px !important;background-image: url(http:\/\/carlotallano.com\/wp-content\/uploads\/2019\/06\/fondo2.jpg?id=605) !important;background-position: center !important;background-repeat: no-repeat !important;background-size: cover !important;border-top-color: #dd9933 !important;border-top-style: solid !important;}&#8221;][vc_column width=&#8221;1\/2&#8243; css=&#8221;.vc_custom_1561062083349{margin-top: 50px !important;margin-bottom: 50px !important;border-right-width: 1px !important;border-left-width: 1px !important;}&#8221;][vc_column_text]<\/p>\n<div style=\"overflow: auto; width: 100%; height: 500px;\">\n<p style=\"text-align: justify;\"><img decoding=\"async\" loading=\"lazy\" class=\"alignnone size-medium wp-image-719\" src=\"http:\/\/carlotallano.com\/wp-content\/uploads\/2019\/06\/CARLOTA-LLANO-300x44.png\" alt=\"\" width=\"300\" height=\"44\" srcset=\"https:\/\/carlotallano.com\/wp-content\/uploads\/2019\/06\/CARLOTA-LLANO-300x44.png 300w, https:\/\/carlotallano.com\/wp-content\/uploads\/2019\/06\/CARLOTA-LLANO-120x18.png 120w, https:\/\/carlotallano.com\/wp-content\/uploads\/2019\/06\/CARLOTA-LLANO.png 400w\" sizes=\"(max-width: 300px) 100vw, 300px\" \/><\/p>\n<p style=\"text-align: justify;\"><span style=\"color: #ffffff;\">Licenciada en Arte Dram\u00e1tico de la Universidad del Valle, Mag\u00edster en Interpretaci\u00f3n Actoral en Londres como becaria de The British Council y Magister en teatro y artes vivas en la Universidad Nacional de Colombia.<\/span><\/p>\n<p style=\"text-align: justify;\"><span style=\"color: #ffffff;\">Durante veinti\u00fan a\u00f1os miembro del Teatro Libre, donde fue actriz, directora administrativa y profesora de la Escuela de Formaci\u00f3n de Actores.<\/span><\/p>\n<p style=\"text-align: justify;\"><span style=\"color: #ffffff;\">Algunos de sus personajes m\u00e1s recordados: Do\u00f1a Carmen en La Agon\u00eda del Difunto, de Esteban Navajas; Cordelia y Regania en El Rey Lear de Shakespeare; La Hijastra en Seis personajes en busca de autor, de Luigi\u00a0 Pirandello; Estelle en A Puerta Cerrada de Sartre; Nicolasa en El Burgu\u00e9s Gentilhombre, de Moli\u00e9re; Chirinos y Ortigosa en Entremeses, de Cervantes; Manuela en Episodios comuneros, de Jorge Plata; Rosa en Sobre las arenas tristes, de Eduardo Camacho; Doto en Un f\u00e9nix demasiado frecuente, de Christopher Fry; La posadera en Jacobo y su amo, de Milan Kundera; Mar\u00eda Antonia en Los Andariegos de Jairo An\u00edbal Ni\u00f1o; Deyanira en H\u00e9rcules y el establo de Aug\u00edas, de Fredrich D\u00fcrrenmatt; Pliushkin en Almas Muertas, de<\/span> <span style=\"color: #ffffff;\">Nicol\u00e1s Gogol; varios personajes de Crescencio, la leyenda y la m\u00fasica; Poppy en Peque\u00f1o negocio de familia, de Alan Ayckbourn; Belinda en Entretelones, de Michael Frayn; Isabel en Un muro en el jard\u00edn, de Jorge Plata; Viola en Noche de Epifan\u00eda, de Shakespeare, entre otros.<\/span><\/p>\n<p>&nbsp;<\/p>\n<\/div>\n<p>[\/vc_column_text][\/vc_column][vc_column width=&#8221;1\/2&#8243; css=&#8221;.vc_custom_1561062251804{margin-top: 50px !important;margin-bottom: 50px !important;border-top-width: 0px !important;border-right-width: 0px !important;border-bottom-width: 0px !important;border-right-color: #ffffff !important;border-right-style: solid !important;border-top-color: #ffffff !important;border-top-style: solid !important;border-bottom-color: #ffffff !important;border-bottom-style: solid !important;}&#8221;][vc_column_text]<\/p>\n<p style=\"text-align: justify;\"><span style=\"color: #ffffff;\">Como directora, se destacan sus montajes de Refugio de Pecadores, de Jos\u00e9 Domingo Garz\u00f3n, basada en Pedro Par\u00e1mo de Juan Rulfo; Advertencias para barcos peque\u00f1os, de Tennessee Williams; Seis personajes en busca de autor, de Luigi Pirandello; Entretelones, de Michael Frayn; Sue\u00f1o de una noche de verano, de William Shaskespeare y Cartagena de Indias, inspirada en Vi\u00f1a, de sergio Vodanovic (2009).<\/span><\/p>\n<p style=\"text-align: justify;\"><span style=\"color: #ffffff;\">Como gestora cultural, fue Subdirectora de Cultura del Instituto Distrital de Cultura y Turismo 98-2000 y gerente de varias empresas editoriales.<\/span><\/p>\n<p style=\"text-align: justify;\"><span style=\"color: #ffffff;\">Por m\u00e1s de 25 a\u00f1os profesora en diversas universidades; fundadora de la Escuela de Formaci\u00f3n de Actores del teatro Libre y el programa de Artes Esc\u00e9nicas de la Universidad Pedag\u00f3gica Nacional,\u00a0 trabaj\u00f3 11 a\u00f1os en cada una de estas instituciones y cinco a\u00f1os en la Universidad de los Andes.<\/span><\/p>\n<p style=\"text-align: justify;\"><span style=\"color: #ffffff;\">Actriz de los dos mon\u00f3logos, Mujeres en la Guerra y A d\u00f3nde el camino ir\u00e1.\u00a0 Columpio de vuelo, obra de la cual es creadora e interprete, fue sus tesis de Grado en la Maestr\u00eda interdisciplinar en Teatro y Artes Vivas de la Universidad Nacional de Colombia 2009.<\/span><\/p>\n<p style=\"text-align: justify;\"><span style=\"color: #ffffff;\">Interpreta a Martina en la pel\u00edcula Del amor y otros demonios, basada en la novela hom\u00f3nima de Gabriel Garc\u00eda M\u00e1rquez, dirigida por Hilda Hidalgo.<\/span><\/p>\n<p style=\"text-align: justify;\"><span style=\"color: #ffffff;\">En 2012 Directora de Montaje y Coordinadora Acad\u00e9mica de Casa Ensamble \u2013 Escuela.<\/span><\/p>\n<p style=\"text-align: justify;\"><span style=\"color: #ffffff;\">En 2013, interpreto a Aminta en la serie de Caracol TV \u00abCinco Viudas\u00bb<\/span><\/p>\n<p>[\/vc_column_text][\/vc_column][\/vc_row][vc_row full_width=&#8221;stretch_row&#8221; css=&#8221;.vc_custom_1561078589302{border-top-width: 0px !important;border-top-color: #000000 !important;}&#8221;][vc_column][vc_column_text]<\/p>\n<p style=\"text-align: center;\"><span id=\"gdgallery_editor_code\">\n<div class=\"gdgallery-gallery-container\" id=\"gdgallery-container-2\" data-id=\"2\">\n    \n<div id=\"gdgallery_container_2\" style=\"display:none;\" data-view=\"carousel\">\n            <a href=\"\">\n            <img alt=\"\"\n                 data-type=\"image\"\n                 src=\"https:\/\/carlotallano.com\/wp-content\/uploads\/2019\/07\/Carlota-llano11png.png\"\n                 data-image=\"https:\/\/carlotallano.com\/wp-content\/uploads\/2019\/07\/Carlota-llano11png.png\"\n                 data-description=\"\"\n                                 style=\"display:block\">\n        <\/a>\n            <a href=\"\">\n            <img alt=\"\"\n                 data-type=\"image\"\n                 src=\"https:\/\/carlotallano.com\/wp-content\/uploads\/2019\/06\/foto-carlota-1.jpg\"\n                 data-image=\"https:\/\/carlotallano.com\/wp-content\/uploads\/2019\/06\/foto-carlota-1.jpg\"\n                 data-description=\"\"\n                                 style=\"display:block\">\n        <\/a>\n            <a href=\"\">\n            <img alt=\"\"\n                 data-type=\"image\"\n                 src=\"https:\/\/carlotallano.com\/wp-content\/uploads\/2019\/06\/Captura-de-pantalla-2019-06-14-a-las-1.11.17-a.m..png\"\n                 data-image=\"https:\/\/carlotallano.com\/wp-content\/uploads\/2019\/06\/Captura-de-pantalla-2019-06-14-a-las-1.11.17-a.m..png\"\n                 data-description=\"\"\n                                 style=\"display:block\">\n        <\/a>\n            <a href=\"\">\n            <img alt=\"\"\n                 data-type=\"image\"\n                 src=\"https:\/\/carlotallano.com\/wp-content\/uploads\/2019\/06\/P1000169-e1560494070836.jpg\"\n                 data-image=\"https:\/\/carlotallano.com\/wp-content\/uploads\/2019\/06\/P1000169-e1560494070836.jpg\"\n                 data-description=\"\"\n                                 style=\"display:block\">\n        <\/a>\n            <a href=\"\">\n            <img alt=\"\"\n                 data-type=\"image\"\n                 src=\"https:\/\/carlotallano.com\/wp-content\/uploads\/2019\/09\/foto-mir\u00e1ndose-al-espejo.jpg\"\n                 data-image=\"https:\/\/carlotallano.com\/wp-content\/uploads\/2019\/09\/foto-mir\u00e1ndose-al-espejo.jpg\"\n                 data-description=\"\"\n                                 style=\"display:block\">\n        <\/a>\n            <a href=\"\">\n            <img alt=\"\"\n                 data-type=\"image\"\n                 src=\"https:\/\/carlotallano.com\/wp-content\/uploads\/2019\/05\/Foto-11-1.jpg\"\n                 data-image=\"https:\/\/carlotallano.com\/wp-content\/uploads\/2019\/05\/Foto-11-1.jpg\"\n                 data-description=\"\"\n                                 style=\"display:block\">\n        <\/a>\n            <a href=\"\">\n            <img alt=\"\"\n                 data-type=\"image\"\n                 src=\"https:\/\/carlotallano.com\/wp-content\/uploads\/2019\/09\/carlota1.jpeg\"\n                 data-image=\"https:\/\/carlotallano.com\/wp-content\/uploads\/2019\/09\/carlota1.jpeg\"\n                 data-description=\"\"\n                                 style=\"display:block\">\n        <\/a>\n    <\/div>\n\n<script type=\"text\/javascript\">\n\n    (function() {\n        var runMyCode = function() {\n            jQuery(document).ready(function () {\n                var container = jQuery(\"#gdgallery_container_2\");\n                container.unitegallery({\"gallery_theme\":\"carousel\",\"carousel_space_between_tiles\":10,\"tile_width\":200,\"tile_height\":\"200\",\"tile_enable_outline\":false,\"theme_carousel_align\":\"center\",\"carousel_navigation_numtiles\":1,\"carousel_scroll_duration\":500,\"carousel_autoplay\":true,\"carousel_autoplay_timeout\":\"3000\",\"carousel_autoplay_direction\":\"right\",\"carousel_autoplay_pause_onhover\":true,\"theme_enable_navigation\":true,\"theme_navigation_position\":\"bottom\",\"theme_navigation_align\":\"center\",\"theme_navigation_enable_play\":true,\"theme_space_between_arrows\":\"20\",\"tile_enable_textpanel\":true,\"tile_textpanel_always_on\":true,\"tile_textpanel_title_text_align\":\"center\",\"tile_textpanel_title_font_size\":\"16\",\"tile_textpanel_title_color\":\"#FFFFFF\",\"tile_textpanel_bg_color\":\"#333333\",\"tile_textpanel_bg_opacity\":0.7,\"tile_enable_border\":true,\"tile_border_width\":\"0\",\"tile_border_color\":\"#333333\",\"tile_border_radius\":\"0\",\"tile_enable_overlay\":true,\"tile_enable_image_effect\":true,\"tile_image_effect_type\":\"blur\",\"tile_image_effect_reverse\":true,\"tile_enable_shadow\":false,\"tile_as_link\":false,\"tile_enable_icons\":true,\"tile_show_link_icon\":true,\"tile_textpanel_appear_type\":\"slide\",\"tile_textpanel_position\":\"inside_bottom\",\"tile_link_newpage\":true,\"lightbox_type\":\"wide\",\"lightbox_arrows_offset\":0,\"lightbox_overlay_color\":\"#000000\",\"lightbox_overlay_opacity\":1,\"lightbox_top_panel_opacity\":1,\"lightbox_show_numbers\":true,\"lightbox_numbers_size\":\"15\",\"lightbox_numbers_color\":\"#FFFFFF\",\"lightbox_slider_image_border_width\":\"0\",\"lightbox_slider_image_border_color\":\"#FFFFFF\",\"lightbox_slider_image_border_radius\":0,\"lightbox_slider_image_shadow\":true,\"lightbox_slider_control_swipe\":true,\"lightbox_slider_control_zoom\":true,\"lightbox_slider_image_border\":true,\"lightbox_show_textpanel\":true,\"lightbox_textpanel_enable_title\":true,\"lightbox_textpanel_enable_description\":false,\"lightbox_textpanel_padding_top\":5,\"lightbox_textpanel_padding_bottom\":5,\"lightbox_textpanel_padding_right\":5,\"lightbox_textpanel_padding_left\":5,\"lightbox_textpanel_title_color\":\"#FFFFFF\",\"lightbox_textpanel_title_text_align\":\"center\",\"lightbox_textpanel_title_font_size\":\"16\",\"lightbox_textpanel_desc_color\":\"#FFFFFF\",\"lightbox_textpanel_desc_text_align\":\"center\",\"lightbox_textpanel_desc_font_size\":\"14\"});\n            });\n        };\n        var timer = function() {\n            if (window.jQuery) {runMyCode(window.jQuery);}\n            else {window.setTimeout(timer, 100);}\n        };\n        timer();\n    })();\n\n\n<\/script><style>\n#gdgallery-container-2 a.ug-thumb-wrapper{\n    box-shadow: none !important;\n}\n\n.ug-lightbox .ug-lightbox-top-panel-overlay{\n    background-color: #000000 !important;\n}\n\n#gdgallery_container_2{}<\/style>\n<\/div>\n\n\n\n\n\n<\/span><\/p>\n<p>[\/vc_column_text][\/vc_column][\/vc_row]<\/p>","protected":false},"excerpt":{"rendered":"<p>[vc_row full_width=&#8221;stretch_row&#8221; css=&#8221;.vc_custom_1561078550857{margin-bottom: 0px !important;border-top-width: 3px !important;background-image: url(http:\/\/carlotallano.com\/wp-content\/uploads\/2019\/06\/fondo2.jpg?id=605) !important;background-position: center !important;background-repeat: no-repeat !important;background-size: cover !important;border-top-color: #dd9933 !important;border-top-style: solid !important;}&#8221;][vc_column width=&#8221;1\/2&#8243; css=&#8221;.vc_custom_1561062083349{margin-top: 50px !important;margin-bottom: 50px !important;border-right-width: 1px !important;border-left-width: 1px !important;}&#8221;][vc_column_text] Licenciada en Arte Dram\u00e1tico de la Universidad del Valle, Mag\u00edster en Interpretaci\u00f3n Actoral en Londres como becaria de The British Council y Magister en teatro y [&hellip;]<\/p>\n","protected":false},"author":1,"featured_media":0,"parent":0,"menu_order":0,"comment_status":"closed","ping_status":"closed","template":"","meta":[],"_links":{"self":[{"href":"https:\/\/carlotallano.com\/en\/wp-json\/wp\/v2\/pages\/23"}],"collection":[{"href":"https:\/\/carlotallano.com\/en\/wp-json\/wp\/v2\/pages"}],"about":[{"href":"https:\/\/carlotallano.com\/en\/wp-json\/wp\/v2\/types\/page"}],"author":[{"embeddable":true,"href":"https:\/\/carlotallano.com\/en\/wp-json\/wp\/v2\/users\/1"}],"replies":[{"embeddable":true,"href":"https:\/\/carlotallano.com\/en\/wp-json\/wp\/v2\/comments?post=23"}],"version-history":[{"count":76,"href":"https:\/\/carlotallano.com\/en\/wp-json\/wp\/v2\/pages\/23\/revisions"}],"predecessor-version":[{"id":1845,"href":"https:\/\/carlotallano.com\/en\/wp-json\/wp\/v2\/pages\/23\/revisions\/1845"}],"wp:attachment":[{"href":"https:\/\/carlotallano.com\/en\/wp-json\/wp\/v2\/media?parent=23"}],"curies":[{"name":"wp","href":"https:\/\/api.w.org\/{rel}","templated":true}]}}